{"id":877,"date":"2024-10-09T09:51:01","date_gmt":"2024-10-09T09:51:01","guid":{"rendered":"https:\/\/costaserra.com\/2024\/?page_id=877"},"modified":"2025-03-04T20:52:57","modified_gmt":"2025-03-04T20:52:57","slug":"app","status":"publish","type":"page","link":"https:\/\/costaserra.com\/es\/app\/","title":{"rendered":"App"},"content":{"rendered":"<div class=\"wpb-content-wrapper\">[vc_row][vc_column width=&#8221;1\/3&#8243;][vc_single_image image=&#8221;878&#8243; img_size=&#8221;medium&#8221; css=&#8221;&#8221;][\/vc_column][vc_column width=&#8221;2\/3&#8243;][vc_column_text css=&#8221;&#8221;]<strong>Desc\u00e1rgate la app de Costa Serra y descubre todos sus beneficios<\/strong><\/p>\n<p>&nbsp;<\/p>\n<div class=\"Rx5dXb\" data-slideable-portion-heuristic-width=\"522\">\n<div class=\"awJjId\">\n<div class=\"juegYd\">Esta es la aplicaci\u00f3n exclusiva para los clientes de Costa Serra que facilita el contacto y las gestiones con nuestra corredur\u00eda.<\/div>\n<\/div>\n<\/div>\n<div><\/div>\n<div><\/div>\n<div class=\"JHTxhe IQ1z0d\">\n<div class=\"W4P4ne \">\n<div class=\"PHBdkd\" data-content-height=\"144\">\n<div class=\"DWPxHb\">\n<div>\n<p>Te permite consultar tus contratos de seguro, realizar el seguimiento de las renovaciones, recibir avisos, declarar siniestros y realizar muchas otras gestiones en l\u00ednea,\u00a0<b>en cualquier momento y desde cualquier lugar.<\/b>\u00a0Para utilizar nuestra APP solamente tienes que ser cliente de la Corredur\u00eda. Tu usuario ser\u00e1 tu DNI y al registrarte podr\u00e1s poner una contrase\u00f1a de como m\u00ednimo 8 d\u00edgitos que te indicar\u00e1 el sistema. Por seguridad, te enviaremos un n\u00famero (c\u00f3digo de verificaci\u00f3n) al e-mail que tengas informado en tu ficha de cliente.<\/p>\n<\/div>\n<\/div>\n<\/div>\n<\/div>\n<\/div>\n[\/vc_column_text][vc_row_inner][vc_column_inner width=&#8221;1\/2&#8243;]\n<div id=\"interactive-banner-1-wrap-9546\" class=\"ult-banner-block ult-adjust-bottom-margin ult-bb-box  banner-style01 \"   style=\"\">\n\t<img decoding=\"async\" src=\"https:\/\/costaserra.com\/wp-content\/uploads\/2024\/10\/download-appstore.png\" alt=\"null\">\n\t<div class=\"mask opaque-background\" style=\"background:;\">\n\t\t<div  data-ultimate-target='#interactive-banner-1-wrap-9546 .bb-description'  data-responsive-json-new='{\"font-size\":\"\",\"line-height\":\"\"}'  class=\"bb-description ult-responsive\" style=\"font-weight:normal;color:#ffffff;\"><\/div>\n\t<\/div><a class=\"bb-link\" href=\"https:\/\/apps.apple.com\/es\/app\/costa-serra\/id1470954493\" target=\"_blank\" rel=\"noopener\" ><\/a>\n<\/div>[\/vc_column_inner][vc_column_inner width=&#8221;1\/2&#8243;]\n<div id=\"interactive-banner-1-wrap-2598\" class=\"ult-banner-block ult-adjust-bottom-margin ult-bb-box  banner-style01 \"   style=\"\">\n\t<img decoding=\"async\" src=\"https:\/\/costaserra.com\/wp-content\/uploads\/2024\/10\/google-play-1.png\" alt=\"null\">\n\t<div class=\"mask opaque-background\" style=\"background:;\">\n\t\t<div  data-ultimate-target='#interactive-banner-1-wrap-2598 .bb-description'  data-responsive-json-new='{\"font-size\":\"\",\"line-height\":\"\"}'  class=\"bb-description ult-responsive\" style=\"font-weight:normal;color:#ffffff;\"><\/div>\n\t<\/div><a class=\"bb-link\" href=\"https:\/\/play.google.com\/store\/apps\/details?id=es.mpm.costaserraapp\" target=\"_blank\" rel=\"noopener\" ><\/a>\n<\/div>[\/vc_column_inner][\/vc_row_inner][\/vc_column][\/vc_row]\n<\/div>","protected":false},"excerpt":{"rendered":"<p>[vc_row][vc_column width=&#8221;1\/3&#8243;][vc_single_image image=&#8221;878&#8243; img_size=&#8221;medium&#8221; css=&#8221;&#8221;][\/vc_column][vc_column width=&#8221;2\/3&#8243;][vc_column_text css=&#8221;&#8221;]Desc\u00e1rgate la app de Costa Serra y descubre todos sus beneficios &nbsp; Esta es la aplicaci\u00f3n exclusiva para los clientes de Costa Serra que facilita el contacto y las gestiones con nuestra corredur\u00eda. Te permite consultar tus contratos de seguro, realizar el seguimiento de las renovaciones, recibir avisos, declarar [&hellip;]<\/p>\n","protected":false},"author":1,"featured_media":0,"parent":0,"menu_order":0,"comment_status":"closed","ping_status":"closed","template":"","meta":{"footnotes":"","_links_to":"","_links_to_target":""},"class_list":["post-877","page","type-page","status-publish","hentry"],"yoast_head":"<!-- This site is optimized with the Yoast SEO plugin v25.7 - https:\/\/yoast.com\/wordpress\/plugins\/seo\/ -->\n<title>App - Costaserra<\/title>\n<meta name=\"robots\" content=\"index, follow, max-snippet:-1, max-image-preview:large, max-video-preview:-1\" \/>\n<link rel=\"canonical\" href=\"https:\/\/costaserra.com\/es\/app\/\" \/>\n<meta property=\"og:locale\" content=\"es_ES\" \/>\n<meta property=\"og:type\" content=\"article\" \/>\n<meta property=\"og:title\" content=\"App - Costaserra\" \/>\n<meta property=\"og:description\" content=\"[vc_row][vc_column width=&#8221;1\/3&#8243;][vc_single_image image=&#8221;878&#8243; img_size=&#8221;medium&#8221; css=&#8221;&#8221;][\/vc_column][vc_column width=&#8221;2\/3&#8243;][vc_column_text css=&#8221;&#8221;]Desc\u00e1rgate la app de Costa Serra y descubre todos sus beneficios &nbsp; Esta es la aplicaci\u00f3n exclusiva para los clientes de Costa Serra que facilita el contacto y las gestiones con nuestra corredur\u00eda. Te permite consultar tus contratos de seguro, realizar el seguimiento de las renovaciones, recibir avisos, declarar [&hellip;]\" \/>\n<meta property=\"og:url\" content=\"https:\/\/costaserra.com\/es\/app\/\" \/>\n<meta property=\"og:site_name\" content=\"Costaserra\" \/>\n<meta property=\"article:modified_time\" content=\"2025-03-04T20:52:57+00:00\" \/>\n<meta name=\"twitter:card\" content=\"summary_large_image\" \/>\n<meta name=\"twitter:label1\" content=\"Tiempo de lectura\" \/>\n\t<meta name=\"twitter:data1\" content=\"1 minuto\" \/>\n<script type=\"application\/ld+json\" class=\"yoast-schema-graph\">{\"@context\":\"https:\/\/schema.org\",\"@graph\":[{\"@type\":\"WebPage\",\"@id\":\"https:\/\/costaserra.com\/es\/app\/\",\"url\":\"https:\/\/costaserra.com\/es\/app\/\",\"name\":\"App - Costaserra\",\"isPartOf\":{\"@id\":\"https:\/\/costaserra.com\/#website\"},\"datePublished\":\"2024-10-09T09:51:01+00:00\",\"dateModified\":\"2025-03-04T20:52:57+00:00\",\"breadcrumb\":{\"@id\":\"https:\/\/costaserra.com\/es\/app\/#breadcrumb\"},\"inLanguage\":\"es\",\"potentialAction\":[{\"@type\":\"ReadAction\",\"target\":[\"https:\/\/costaserra.com\/es\/app\/\"]}]},{\"@type\":\"BreadcrumbList\",\"@id\":\"https:\/\/costaserra.com\/es\/app\/#breadcrumb\",\"itemListElement\":[{\"@type\":\"ListItem\",\"position\":1,\"name\":\"Inici\",\"item\":\"https:\/\/costaserra.com\/es\/\"},{\"@type\":\"ListItem\",\"position\":2,\"name\":\"App\"}]},{\"@type\":\"WebSite\",\"@id\":\"https:\/\/costaserra.com\/#website\",\"url\":\"https:\/\/costaserra.com\/\",\"name\":\"Costaserra\",\"description\":\"\",\"potentialAction\":[{\"@type\":\"SearchAction\",\"target\":{\"@type\":\"EntryPoint\",\"urlTemplate\":\"https:\/\/costaserra.com\/?s={search_term_string}\"},\"query-input\":{\"@type\":\"PropertyValueSpecification\",\"valueRequired\":true,\"valueName\":\"search_term_string\"}}],\"inLanguage\":\"es\"}]}<\/script>\n<!-- \/ Yoast SEO plugin. -->","yoast_head_json":{"title":"App - Costaserra","robots":{"index":"index","follow":"follow","max-snippet":"max-snippet:-1","max-image-preview":"max-image-preview:large","max-video-preview":"max-video-preview:-1"},"canonical":"https:\/\/costaserra.com\/es\/app\/","og_locale":"es_ES","og_type":"article","og_title":"App - Costaserra","og_description":"[vc_row][vc_column width=&#8221;1\/3&#8243;][vc_single_image image=&#8221;878&#8243; img_size=&#8221;medium&#8221; css=&#8221;&#8221;][\/vc_column][vc_column width=&#8221;2\/3&#8243;][vc_column_text css=&#8221;&#8221;]Desc\u00e1rgate la app de Costa Serra y descubre todos sus beneficios &nbsp; Esta es la aplicaci\u00f3n exclusiva para los clientes de Costa Serra que facilita el contacto y las gestiones con nuestra corredur\u00eda. Te permite consultar tus contratos de seguro, realizar el seguimiento de las renovaciones, recibir avisos, declarar [&hellip;]","og_url":"https:\/\/costaserra.com\/es\/app\/","og_site_name":"Costaserra","article_modified_time":"2025-03-04T20:52:57+00:00","twitter_card":"summary_large_image","twitter_misc":{"Tiempo de lectura":"1 minuto"},"schema":{"@context":"https:\/\/schema.org","@graph":[{"@type":"WebPage","@id":"https:\/\/costaserra.com\/es\/app\/","url":"https:\/\/costaserra.com\/es\/app\/","name":"App - Costaserra","isPartOf":{"@id":"https:\/\/costaserra.com\/#website"},"datePublished":"2024-10-09T09:51:01+00:00","dateModified":"2025-03-04T20:52:57+00:00","breadcrumb":{"@id":"https:\/\/costaserra.com\/es\/app\/#breadcrumb"},"inLanguage":"es","potentialAction":[{"@type":"ReadAction","target":["https:\/\/costaserra.com\/es\/app\/"]}]},{"@type":"BreadcrumbList","@id":"https:\/\/costaserra.com\/es\/app\/#breadcrumb","itemListElement":[{"@type":"ListItem","position":1,"name":"Inici","item":"https:\/\/costaserra.com\/es\/"},{"@type":"ListItem","position":2,"name":"App"}]},{"@type":"WebSite","@id":"https:\/\/costaserra.com\/#website","url":"https:\/\/costaserra.com\/","name":"Costaserra","description":"","potentialAction":[{"@type":"SearchAction","target":{"@type":"EntryPoint","urlTemplate":"https:\/\/costaserra.com\/?s={search_term_string}"},"query-input":{"@type":"PropertyValueSpecification","valueRequired":true,"valueName":"search_term_string"}}],"inLanguage":"es"}]}},"_links":{"self":[{"href":"https:\/\/costaserra.com\/es\/wp-json\/wp\/v2\/pages\/877","targetHints":{"allow":["GET"]}}],"collection":[{"href":"https:\/\/costaserra.com\/es\/wp-json\/wp\/v2\/pages"}],"about":[{"href":"https:\/\/costaserra.com\/es\/wp-json\/wp\/v2\/types\/page"}],"author":[{"embeddable":true,"href":"https:\/\/costaserra.com\/es\/wp-json\/wp\/v2\/users\/1"}],"replies":[{"embeddable":true,"href":"https:\/\/costaserra.com\/es\/wp-json\/wp\/v2\/comments?post=877"}],"version-history":[{"count":9,"href":"https:\/\/costaserra.com\/es\/wp-json\/wp\/v2\/pages\/877\/revisions"}],"predecessor-version":[{"id":1431,"href":"https:\/\/costaserra.com\/es\/wp-json\/wp\/v2\/pages\/877\/revisions\/1431"}],"wp:attachment":[{"href":"https:\/\/costaserra.com\/es\/wp-json\/wp\/v2\/media?parent=877"}],"curies":[{"name":"wp","href":"https:\/\/api.w.org\/{rel}","templated":true}]}}