{"id":393,"date":"2024-05-20T10:13:19","date_gmt":"2024-05-20T10:13:19","guid":{"rendered":"https:\/\/costaserra.com\/2024\/?page_id=393"},"modified":"2025-05-09T19:44:06","modified_gmt":"2025-05-09T19:44:06","slug":"seguros-de-salud-2","status":"publish","type":"page","link":"https:\/\/costaserra.com\/es\/somos-especialistas\/seguros-de-salud-2\/","title":{"rendered":"Cyber"},"content":{"rendered":"<div class=\"wpb-content-wrapper\">[vc_row][vc_column][vc_column_text css=&#8221;&#8221;]En un mundo cada vez m\u00e1s digital, aseguramos la protecci\u00f3n completa de tu negocio contra ciberamenazas. <a href=\"mailto:marcal@costaserra.com\">Mar\u00e7al Quesada<\/a>, nuestro especialista en ciberseguridad, te asesorar\u00e1 para elegir la compa\u00f1\u00eda que mejor se adapte a tus necesidades y garantice la seguridad de tu empresa. <a style=\"font-weight: bold;\" href=\"https:\/\/costaserra.com\/es\/contacto\/\">\u00bfTe llamamos?<\/a>[\/vc_column_text][\/vc_column][\/vc_row][vc_row][vc_column][vc_single_image image=&#8221;1432&#8243; img_size=&#8221;600&#215;400&#8243; alignment=&#8221;center&#8221; css=&#8221;&#8221;][\/vc_column][\/vc_row]\n<\/div>","protected":false},"excerpt":{"rendered":"<p>[vc_row][vc_column][vc_column_text css=&#8221;&#8221;]En un mundo cada vez m\u00e1s digital, aseguramos la protecci\u00f3n completa de tu negocio contra ciberamenazas. Mar\u00e7al Quesada, nuestro especialista en ciberseguridad, te asesorar\u00e1 para elegir la compa\u00f1\u00eda que mejor se adapte a tus necesidades y garantice la seguridad de tu empresa. \u00bfTe llamamos?[\/vc_column_text][\/vc_column][\/vc_row][vc_row][vc_column][vc_single_image image=&#8221;1432&#8243; img_size=&#8221;600&#215;400&#8243; alignment=&#8221;center&#8221; css=&#8221;&#8221;][\/vc_column][\/vc_row]<\/p>\n","protected":false},"author":1,"featured_media":0,"parent":273,"menu_order":0,"comment_status":"closed","ping_status":"closed","template":"","meta":{"footnotes":"","_links_to":"","_links_to_target":""},"class_list":["post-393","page","type-page","status-publish","hentry"],"yoast_head":"<!-- This site is optimized with the Yoast SEO plugin v25.7 - https:\/\/yoast.com\/wordpress\/plugins\/seo\/ -->\n<title>Cyber - Costaserra<\/title>\n<meta name=\"robots\" content=\"index, follow, max-snippet:-1, max-image-preview:large, max-video-preview:-1\" \/>\n<link rel=\"canonical\" href=\"https:\/\/costaserra.com\/es\/somos-especialistas\/seguros-de-salud-2\/\" \/>\n<meta property=\"og:locale\" content=\"es_ES\" \/>\n<meta property=\"og:type\" content=\"article\" \/>\n<meta property=\"og:title\" content=\"Cyber - Costaserra\" \/>\n<meta property=\"og:description\" content=\"[vc_row][vc_column][vc_column_text css=&#8221;&#8221;]En un mundo cada vez m\u00e1s digital, aseguramos la protecci\u00f3n completa de tu negocio contra ciberamenazas. Mar\u00e7al Quesada, nuestro especialista en ciberseguridad, te asesorar\u00e1 para elegir la compa\u00f1\u00eda que mejor se adapte a tus necesidades y garantice la seguridad de tu empresa. \u00bfTe llamamos?[\/vc_column_text][\/vc_column][\/vc_row][vc_row][vc_column][vc_single_image image=&#8221;1432&#8243; img_size=&#8221;600&#215;400&#8243; alignment=&#8221;center&#8221; css=&#8221;&#8221;][\/vc_column][\/vc_row]\" \/>\n<meta property=\"og:url\" content=\"https:\/\/costaserra.com\/es\/somos-especialistas\/seguros-de-salud-2\/\" \/>\n<meta property=\"og:site_name\" content=\"Costaserra\" \/>\n<meta property=\"article:modified_time\" content=\"2025-05-09T19:44:06+00:00\" \/>\n<meta name=\"twitter:card\" content=\"summary_large_image\" \/>\n<script type=\"application\/ld+json\" class=\"yoast-schema-graph\">{\"@context\":\"https:\/\/schema.org\",\"@graph\":[{\"@type\":\"WebPage\",\"@id\":\"https:\/\/costaserra.com\/es\/somos-especialistas\/seguros-de-salud-2\/\",\"url\":\"https:\/\/costaserra.com\/es\/somos-especialistas\/seguros-de-salud-2\/\",\"name\":\"Cyber - Costaserra\",\"isPartOf\":{\"@id\":\"https:\/\/costaserra.com\/#website\"},\"datePublished\":\"2024-05-20T10:13:19+00:00\",\"dateModified\":\"2025-05-09T19:44:06+00:00\",\"breadcrumb\":{\"@id\":\"https:\/\/costaserra.com\/es\/somos-especialistas\/seguros-de-salud-2\/#breadcrumb\"},\"inLanguage\":\"es\",\"potentialAction\":[{\"@type\":\"ReadAction\",\"target\":[\"https:\/\/costaserra.com\/es\/somos-especialistas\/seguros-de-salud-2\/\"]}]},{\"@type\":\"BreadcrumbList\",\"@id\":\"https:\/\/costaserra.com\/es\/somos-especialistas\/seguros-de-salud-2\/#breadcrumb\",\"itemListElement\":[{\"@type\":\"ListItem\",\"position\":1,\"name\":\"Inici\",\"item\":\"https:\/\/costaserra.com\/es\/\"},{\"@type\":\"ListItem\",\"position\":2,\"name\":\"Somos especialistas\",\"item\":\"https:\/\/costaserra.com\/es\/somos-especialistas\/\"},{\"@type\":\"ListItem\",\"position\":3,\"name\":\"Cyber\"}]},{\"@type\":\"WebSite\",\"@id\":\"https:\/\/costaserra.com\/#website\",\"url\":\"https:\/\/costaserra.com\/\",\"name\":\"Costaserra\",\"description\":\"\",\"potentialAction\":[{\"@type\":\"SearchAction\",\"target\":{\"@type\":\"EntryPoint\",\"urlTemplate\":\"https:\/\/costaserra.com\/?s={search_term_string}\"},\"query-input\":{\"@type\":\"PropertyValueSpecification\",\"valueRequired\":true,\"valueName\":\"search_term_string\"}}],\"inLanguage\":\"es\"}]}<\/script>\n<!-- \/ Yoast SEO plugin. -->","yoast_head_json":{"title":"Cyber - Costaserra","robots":{"index":"index","follow":"follow","max-snippet":"max-snippet:-1","max-image-preview":"max-image-preview:large","max-video-preview":"max-video-preview:-1"},"canonical":"https:\/\/costaserra.com\/es\/somos-especialistas\/seguros-de-salud-2\/","og_locale":"es_ES","og_type":"article","og_title":"Cyber - Costaserra","og_description":"[vc_row][vc_column][vc_column_text css=&#8221;&#8221;]En un mundo cada vez m\u00e1s digital, aseguramos la protecci\u00f3n completa de tu negocio contra ciberamenazas. Mar\u00e7al Quesada, nuestro especialista en ciberseguridad, te asesorar\u00e1 para elegir la compa\u00f1\u00eda que mejor se adapte a tus necesidades y garantice la seguridad de tu empresa. \u00bfTe llamamos?[\/vc_column_text][\/vc_column][\/vc_row][vc_row][vc_column][vc_single_image image=&#8221;1432&#8243; img_size=&#8221;600&#215;400&#8243; alignment=&#8221;center&#8221; css=&#8221;&#8221;][\/vc_column][\/vc_row]","og_url":"https:\/\/costaserra.com\/es\/somos-especialistas\/seguros-de-salud-2\/","og_site_name":"Costaserra","article_modified_time":"2025-05-09T19:44:06+00:00","twitter_card":"summary_large_image","schema":{"@context":"https:\/\/schema.org","@graph":[{"@type":"WebPage","@id":"https:\/\/costaserra.com\/es\/somos-especialistas\/seguros-de-salud-2\/","url":"https:\/\/costaserra.com\/es\/somos-especialistas\/seguros-de-salud-2\/","name":"Cyber - Costaserra","isPartOf":{"@id":"https:\/\/costaserra.com\/#website"},"datePublished":"2024-05-20T10:13:19+00:00","dateModified":"2025-05-09T19:44:06+00:00","breadcrumb":{"@id":"https:\/\/costaserra.com\/es\/somos-especialistas\/seguros-de-salud-2\/#breadcrumb"},"inLanguage":"es","potentialAction":[{"@type":"ReadAction","target":["https:\/\/costaserra.com\/es\/somos-especialistas\/seguros-de-salud-2\/"]}]},{"@type":"BreadcrumbList","@id":"https:\/\/costaserra.com\/es\/somos-especialistas\/seguros-de-salud-2\/#breadcrumb","itemListElement":[{"@type":"ListItem","position":1,"name":"Inici","item":"https:\/\/costaserra.com\/es\/"},{"@type":"ListItem","position":2,"name":"Somos especialistas","item":"https:\/\/costaserra.com\/es\/somos-especialistas\/"},{"@type":"ListItem","position":3,"name":"Cyber"}]},{"@type":"WebSite","@id":"https:\/\/costaserra.com\/#website","url":"https:\/\/costaserra.com\/","name":"Costaserra","description":"","potentialAction":[{"@type":"SearchAction","target":{"@type":"EntryPoint","urlTemplate":"https:\/\/costaserra.com\/?s={search_term_string}"},"query-input":{"@type":"PropertyValueSpecification","valueRequired":true,"valueName":"search_term_string"}}],"inLanguage":"es"}]}},"_links":{"self":[{"href":"https:\/\/costaserra.com\/es\/wp-json\/wp\/v2\/pages\/393","targetHints":{"allow":["GET"]}}],"collection":[{"href":"https:\/\/costaserra.com\/es\/wp-json\/wp\/v2\/pages"}],"about":[{"href":"https:\/\/costaserra.com\/es\/wp-json\/wp\/v2\/types\/page"}],"author":[{"embeddable":true,"href":"https:\/\/costaserra.com\/es\/wp-json\/wp\/v2\/users\/1"}],"replies":[{"embeddable":true,"href":"https:\/\/costaserra.com\/es\/wp-json\/wp\/v2\/comments?post=393"}],"version-history":[{"count":10,"href":"https:\/\/costaserra.com\/es\/wp-json\/wp\/v2\/pages\/393\/revisions"}],"predecessor-version":[{"id":1690,"href":"https:\/\/costaserra.com\/es\/wp-json\/wp\/v2\/pages\/393\/revisions\/1690"}],"up":[{"embeddable":true,"href":"https:\/\/costaserra.com\/es\/wp-json\/wp\/v2\/pages\/273"}],"wp:attachment":[{"href":"https:\/\/costaserra.com\/es\/wp-json\/wp\/v2\/media?parent=393"}],"curies":[{"name":"wp","href":"https:\/\/api.w.org\/{rel}","templated":true}]}}