{"id":312,"date":"2024-05-15T08:41:32","date_gmt":"2024-05-15T08:41:32","guid":{"rendered":"https:\/\/costaserra.com\/2024\/?page_id=312"},"modified":"2026-01-26T10:13:06","modified_gmt":"2026-01-26T10:13:06","slug":"contratacion-online","status":"publish","type":"page","link":"https:\/\/costaserra.com\/es\/contratacion-online\/","title":{"rendered":"Contrataci\u00f3n online"},"content":{"rendered":"<div class=\"wpb-content-wrapper\">[vc_row][vc_column css=&#8221;.vc_custom_1715763413706{padding-top: 20px !important;padding-bottom: 20px !important;}&#8221;][vc_column_text css=&#8221;&#8221;]<em>A trav\u00e9s de los siguientes enlaces podr\u00e1s acceder a los tarificadores de distintas compa\u00f1\u00edas para calcular el precio de tu seguro e incluso contratarlo directamente. Todas las p\u00f3lizas contratadas mediante estos enlaces quedar\u00e1n dentro de nuestra corredur\u00eda, donde actuaremos como tus mediadores, ofreci\u00e9ndote asesoramiento y apoyo en la gesti\u00f3n de tu seguro, tanto si ya eres cliente como si es tu primera p\u00f3liza con nosotros.<\/em>[\/vc_column_text][vc_hoverbox image=&#8221;313&#8243; primary_title=&#8221;Seguro de viaje&#8221; primary_title_font_container=&#8221;color:%23ffffff&#8221; hover_title=&#8221;Seguro de viaje&#8221; hover_title_font_container=&#8221;color:%23ffffff&#8221; hover_background_color=&#8221;custom&#8221; hover_btn_title=&#8221;Contratar&#8221; use_custom_fonts_primary_title=&#8221;true&#8221; use_custom_fonts_hover_title=&#8221;true&#8221; hover_add_button=&#8221;true&#8221; hover_btn_link=&#8221;url:https%3A%2F%2Fwww.aragonline.net%2Fsites%2Fsearch.php%3Fid%3DMDIxNjA0N3wwfDU%3D|title:Contratar|target:_blank&#8221; hover_custom_background=&#8221;#7390ba&#8221;]\n<p style=\"text-align: center;\"><span style=\"color: #ffffff;\">Sea cu\u00e1l sea tu destino, tenemos el mejor seguro para ti<\/span><\/p>\n[\/vc_hoverbox][\/vc_column][\/vc_row][vc_row][vc_column css=&#8221;.vc_custom_1715763422329{padding-top: 20px !important;padding-bottom: 20px !important;}&#8221;][vc_hoverbox image=&#8221;321&#8243; primary_title=&#8221;Seguro de esqu\u00ed Asistencia en viaje&#8221; primary_title_font_container=&#8221;color:%23ffffff&#8221; hover_title=&#8221;Seguro de esqu\u00ed Asistencia en viaje&#8221; hover_title_font_container=&#8221;color:%23ffffff&#8221; hover_background_color=&#8221;custom&#8221; hover_btn_title=&#8221;Contratar&#8221; use_custom_fonts_primary_title=&#8221;true&#8221; use_custom_fonts_hover_title=&#8221;true&#8221; hover_add_button=&#8221;true&#8221; hover_btn_link=&#8221;url:https%3A%2F%2Fweb.fiatc.es%2Fwebapps%2Fjs%2Fview_corp%23tarificador_corporativo%2Ftarificador%3Fcagge%3D14135%26tipo%3DASV%26lang%3Des%26motivo%3Desqui|title:Contratar|target:_blank&#8221; hover_custom_background=&#8221;#7390ba&#8221;]\n<p style=\"text-align: center;\"><span style=\"color: #ffffff;\">La mejor soluci\u00f3n para disfrutar del esqu\u00ed con tranquilidad<\/span><\/p>\n[\/vc_hoverbox][\/vc_column][\/vc_row][vc_row][vc_column css=&#8221;.vc_custom_1715763429380{padding-top: 20px !important;padding-bottom: 20px !important;}&#8221;][vc_hoverbox image=&#8221;322&#8243; primary_title=&#8221;Seguro de salud&#8221; primary_title_font_container=&#8221;color:%23ffffff&#8221; hover_title=&#8221;Seguro de salud&#8221; hover_title_font_container=&#8221;color:%23ffffff&#8221; hover_background_color=&#8221;custom&#8221; hover_btn_title=&#8221;Contratar&#8221; use_custom_fonts_primary_title=&#8221;true&#8221; use_custom_fonts_hover_title=&#8221;true&#8221; hover_add_button=&#8221;true&#8221; hover_btn_link=&#8221;url:https%3A%2F%2Fweb.fiatc.es%2Fwebapps%2Fjs%2Fview_corp%23tarificador_corporativo%2Findex%3Ftipo%3DSALUD%26cagge%3D14135%26lang%3Des|title:Contratar|target:_blank&#8221; hover_custom_background=&#8221;#7390ba&#8221;]\n<p style=\"text-align: center;\"><span style=\"color: #ffffff;\">La mejor forma de acceder a una atenci\u00f3n m\u00e9dica r\u00e1pida y de alta calidad<\/span><\/p>\n[\/vc_hoverbox][\/vc_column][\/vc_row][vc_row][vc_column][vc_btn title=&#8221;\u00bfTienes dudas?&#8221; style=&#8221;gradient&#8221; gradient_color_1=&#8221;sky&#8221; gradient_color_2=&#8221;peacoc&#8221; size=&#8221;lg&#8221; align=&#8221;center&#8221; css=&#8221;.vc_custom_1746820375729{padding-right: 10px !important;padding-left: 10px !important;}&#8221; link=&#8221;url:https%3A%2F%2Fcostaserra.com%2F2024%2Fes%2Fcontacto%2F|title:Contacto&#8221;][\/vc_column][\/vc_row]\n<\/div>","protected":false},"excerpt":{"rendered":"<p>[vc_row][vc_column css=&#8221;.vc_custom_1715763413706{padding-top: 20px !important;padding-bottom: 20px !important;}&#8221;][vc_column_text css=&#8221;&#8221;]A trav\u00e9s de los siguientes enlaces podr\u00e1s acceder a los tarificadores de distintas compa\u00f1\u00edas para calcular el precio de tu seguro e incluso contratarlo directamente. Todas las p\u00f3lizas contratadas mediante estos enlaces quedar\u00e1n dentro de nuestra corredur\u00eda, donde actuaremos como tus mediadores, ofreci\u00e9ndote asesoramiento y apoyo en la gesti\u00f3n [&hellip;]<\/p>\n","protected":false},"author":1,"featured_media":0,"parent":0,"menu_order":0,"comment_status":"closed","ping_status":"closed","template":"","meta":{"footnotes":"","_links_to":"","_links_to_target":""},"class_list":["post-312","page","type-page","status-publish","hentry"],"yoast_head":"<!-- This site is optimized with the Yoast SEO plugin v25.7 - https:\/\/yoast.com\/wordpress\/plugins\/seo\/ -->\n<title>Contrataci\u00f3n online - Costaserra<\/title>\n<meta name=\"robots\" content=\"index, follow, max-snippet:-1, max-image-preview:large, max-video-preview:-1\" \/>\n<link rel=\"canonical\" href=\"https:\/\/costaserra.com\/es\/contratacion-online\/\" \/>\n<meta property=\"og:locale\" content=\"es_ES\" \/>\n<meta property=\"og:type\" content=\"article\" \/>\n<meta property=\"og:title\" content=\"Contrataci\u00f3n online - Costaserra\" \/>\n<meta property=\"og:description\" content=\"[vc_row][vc_column css=&#8221;.vc_custom_1715763413706{padding-top: 20px !important;padding-bottom: 20px !important;}&#8221;][vc_column_text css=&#8221;&#8221;]A trav\u00e9s de los siguientes enlaces podr\u00e1s acceder a los tarificadores de distintas compa\u00f1\u00edas para calcular el precio de tu seguro e incluso contratarlo directamente. Todas las p\u00f3lizas contratadas mediante estos enlaces quedar\u00e1n dentro de nuestra corredur\u00eda, donde actuaremos como tus mediadores, ofreci\u00e9ndote asesoramiento y apoyo en la gesti\u00f3n [&hellip;]\" \/>\n<meta property=\"og:url\" content=\"https:\/\/costaserra.com\/es\/contratacion-online\/\" \/>\n<meta property=\"og:site_name\" content=\"Costaserra\" \/>\n<meta property=\"article:modified_time\" content=\"2026-01-26T10:13:06+00:00\" \/>\n<meta name=\"twitter:card\" content=\"summary_large_image\" \/>\n<meta name=\"twitter:label1\" content=\"Tiempo de lectura\" \/>\n\t<meta name=\"twitter:data1\" content=\"3 minutos\" \/>\n<script type=\"application\/ld+json\" class=\"yoast-schema-graph\">{\"@context\":\"https:\/\/schema.org\",\"@graph\":[{\"@type\":\"WebPage\",\"@id\":\"https:\/\/costaserra.com\/es\/contratacion-online\/\",\"url\":\"https:\/\/costaserra.com\/es\/contratacion-online\/\",\"name\":\"Contrataci\u00f3n online - Costaserra\",\"isPartOf\":{\"@id\":\"https:\/\/costaserra.com\/#website\"},\"datePublished\":\"2024-05-15T08:41:32+00:00\",\"dateModified\":\"2026-01-26T10:13:06+00:00\",\"breadcrumb\":{\"@id\":\"https:\/\/costaserra.com\/es\/contratacion-online\/#breadcrumb\"},\"inLanguage\":\"es\",\"potentialAction\":[{\"@type\":\"ReadAction\",\"target\":[\"https:\/\/costaserra.com\/es\/contratacion-online\/\"]}]},{\"@type\":\"BreadcrumbList\",\"@id\":\"https:\/\/costaserra.com\/es\/contratacion-online\/#breadcrumb\",\"itemListElement\":[{\"@type\":\"ListItem\",\"position\":1,\"name\":\"Inici\",\"item\":\"https:\/\/costaserra.com\/es\/\"},{\"@type\":\"ListItem\",\"position\":2,\"name\":\"Contrataci\u00f3n online\"}]},{\"@type\":\"WebSite\",\"@id\":\"https:\/\/costaserra.com\/#website\",\"url\":\"https:\/\/costaserra.com\/\",\"name\":\"Costaserra\",\"description\":\"\",\"potentialAction\":[{\"@type\":\"SearchAction\",\"target\":{\"@type\":\"EntryPoint\",\"urlTemplate\":\"https:\/\/costaserra.com\/?s={search_term_string}\"},\"query-input\":{\"@type\":\"PropertyValueSpecification\",\"valueRequired\":true,\"valueName\":\"search_term_string\"}}],\"inLanguage\":\"es\"}]}<\/script>\n<!-- \/ Yoast SEO plugin. -->","yoast_head_json":{"title":"Contrataci\u00f3n online - Costaserra","robots":{"index":"index","follow":"follow","max-snippet":"max-snippet:-1","max-image-preview":"max-image-preview:large","max-video-preview":"max-video-preview:-1"},"canonical":"https:\/\/costaserra.com\/es\/contratacion-online\/","og_locale":"es_ES","og_type":"article","og_title":"Contrataci\u00f3n online - Costaserra","og_description":"[vc_row][vc_column css=&#8221;.vc_custom_1715763413706{padding-top: 20px !important;padding-bottom: 20px !important;}&#8221;][vc_column_text css=&#8221;&#8221;]A trav\u00e9s de los siguientes enlaces podr\u00e1s acceder a los tarificadores de distintas compa\u00f1\u00edas para calcular el precio de tu seguro e incluso contratarlo directamente. Todas las p\u00f3lizas contratadas mediante estos enlaces quedar\u00e1n dentro de nuestra corredur\u00eda, donde actuaremos como tus mediadores, ofreci\u00e9ndote asesoramiento y apoyo en la gesti\u00f3n [&hellip;]","og_url":"https:\/\/costaserra.com\/es\/contratacion-online\/","og_site_name":"Costaserra","article_modified_time":"2026-01-26T10:13:06+00:00","twitter_card":"summary_large_image","twitter_misc":{"Tiempo de lectura":"3 minutos"},"schema":{"@context":"https:\/\/schema.org","@graph":[{"@type":"WebPage","@id":"https:\/\/costaserra.com\/es\/contratacion-online\/","url":"https:\/\/costaserra.com\/es\/contratacion-online\/","name":"Contrataci\u00f3n online - Costaserra","isPartOf":{"@id":"https:\/\/costaserra.com\/#website"},"datePublished":"2024-05-15T08:41:32+00:00","dateModified":"2026-01-26T10:13:06+00:00","breadcrumb":{"@id":"https:\/\/costaserra.com\/es\/contratacion-online\/#breadcrumb"},"inLanguage":"es","potentialAction":[{"@type":"ReadAction","target":["https:\/\/costaserra.com\/es\/contratacion-online\/"]}]},{"@type":"BreadcrumbList","@id":"https:\/\/costaserra.com\/es\/contratacion-online\/#breadcrumb","itemListElement":[{"@type":"ListItem","position":1,"name":"Inici","item":"https:\/\/costaserra.com\/es\/"},{"@type":"ListItem","position":2,"name":"Contrataci\u00f3n online"}]},{"@type":"WebSite","@id":"https:\/\/costaserra.com\/#website","url":"https:\/\/costaserra.com\/","name":"Costaserra","description":"","potentialAction":[{"@type":"SearchAction","target":{"@type":"EntryPoint","urlTemplate":"https:\/\/costaserra.com\/?s={search_term_string}"},"query-input":{"@type":"PropertyValueSpecification","valueRequired":true,"valueName":"search_term_string"}}],"inLanguage":"es"}]}},"_links":{"self":[{"href":"https:\/\/costaserra.com\/es\/wp-json\/wp\/v2\/pages\/312","targetHints":{"allow":["GET"]}}],"collection":[{"href":"https:\/\/costaserra.com\/es\/wp-json\/wp\/v2\/pages"}],"about":[{"href":"https:\/\/costaserra.com\/es\/wp-json\/wp\/v2\/types\/page"}],"author":[{"embeddable":true,"href":"https:\/\/costaserra.com\/es\/wp-json\/wp\/v2\/users\/1"}],"replies":[{"embeddable":true,"href":"https:\/\/costaserra.com\/es\/wp-json\/wp\/v2\/comments?post=312"}],"version-history":[{"count":22,"href":"https:\/\/costaserra.com\/es\/wp-json\/wp\/v2\/pages\/312\/revisions"}],"predecessor-version":[{"id":1820,"href":"https:\/\/costaserra.com\/es\/wp-json\/wp\/v2\/pages\/312\/revisions\/1820"}],"wp:attachment":[{"href":"https:\/\/costaserra.com\/es\/wp-json\/wp\/v2\/media?parent=312"}],"curies":[{"name":"wp","href":"https:\/\/api.w.org\/{rel}","templated":true}]}}