{"id":276,"date":"2024-05-14T15:29:09","date_gmt":"2024-05-14T15:29:09","guid":{"rendered":"https:\/\/costaserra.com\/2024\/?page_id=276"},"modified":"2025-05-09T19:34:47","modified_gmt":"2025-05-09T19:34:47","slug":"seguros-de-salud","status":"publish","type":"page","link":"https:\/\/costaserra.com\/es\/somos-especialistas\/seguros-de-salud\/","title":{"rendered":"Salud"},"content":{"rendered":"<div class=\"wpb-content-wrapper\">[vc_row][vc_column][vc_column_text css=&#8221;&#8221;]\n<p align=\"justify\">\u00bfQu\u00e9 precio le pones a tu salud? Protege lo m\u00e1s valioso con coberturas completas y flexibles que se adaptan a ti y a tu familia. Descubre c\u00f3mo cuidar de tu bienestar con nosotros.<br \/>\nPide asesor\u00eda personalizada a <a href=\"mailto:salut@costaserra.com\">Montse Tejedor y\/o Vanessa Diaz<\/a>,\u00a0quienes te guiar\u00e1n para elegir la mejor compa\u00f1\u00eda de seguros de salud seg\u00fan tus necesidades. <span style=\"color: #0693e3;\"><a style=\"font-weight: bold;\" href=\"https:\/\/costaserra.com\/es\/contacto\/\">\u00bfTe llamamos?<\/a><\/span><\/p>\n[\/vc_column_text][\/vc_column][\/vc_row][vc_row][vc_column][vc_video link=&#8221;https:\/\/www.youtube.com\/watch?v=I5x7zMgXLwE&#8221; css=&#8221;&#8221;][vc_raw_html css=&#8221;&#8221;]JTNDc3R5bGUlM0UlMEEud3BiX3dyYXBwZXIlMjBhJTdCJTBBY29sb3IlM0ElMjAlMjMwNjkzZTMlM0IlMEElN0QlMEElM0MlMkZzdHlsZSUzRQ==[\/vc_raw_html][\/vc_column][\/vc_row]\n<\/div>","protected":false},"excerpt":{"rendered":"<p>[vc_row][vc_column][vc_column_text css=&#8221;&#8221;] \u00bfQu\u00e9 precio le pones a tu salud? Protege lo m\u00e1s valioso con coberturas completas y flexibles que se adaptan a ti y a tu familia. Descubre c\u00f3mo cuidar de tu bienestar con nosotros. Pide asesor\u00eda personalizada a Montse Tejedor y\/o Vanessa Diaz,\u00a0quienes te guiar\u00e1n para elegir la mejor compa\u00f1\u00eda de seguros de salud [&hellip;]<\/p>\n","protected":false},"author":1,"featured_media":0,"parent":273,"menu_order":0,"comment_status":"closed","ping_status":"closed","template":"","meta":{"footnotes":"","_links_to":"","_links_to_target":""},"class_list":["post-276","page","type-page","status-publish","hentry"],"yoast_head":"<!-- This site is optimized with the Yoast SEO plugin v25.7 - https:\/\/yoast.com\/wordpress\/plugins\/seo\/ -->\n<title>Salud - Costaserra<\/title>\n<meta name=\"robots\" content=\"index, follow, max-snippet:-1, max-image-preview:large, max-video-preview:-1\" \/>\n<link rel=\"canonical\" href=\"https:\/\/costaserra.com\/es\/somos-especialistas\/seguros-de-salud\/\" \/>\n<meta property=\"og:locale\" content=\"es_ES\" \/>\n<meta property=\"og:type\" content=\"article\" \/>\n<meta property=\"og:title\" content=\"Salud - Costaserra\" \/>\n<meta property=\"og:description\" content=\"[vc_row][vc_column][vc_column_text css=&#8221;&#8221;] \u00bfQu\u00e9 precio le pones a tu salud? Protege lo m\u00e1s valioso con coberturas completas y flexibles que se adaptan a ti y a tu familia. Descubre c\u00f3mo cuidar de tu bienestar con nosotros. Pide asesor\u00eda personalizada a Montse Tejedor y\/o Vanessa Diaz,\u00a0quienes te guiar\u00e1n para elegir la mejor compa\u00f1\u00eda de seguros de salud [&hellip;]\" \/>\n<meta property=\"og:url\" content=\"https:\/\/costaserra.com\/es\/somos-especialistas\/seguros-de-salud\/\" \/>\n<meta property=\"og:site_name\" content=\"Costaserra\" \/>\n<meta property=\"article:modified_time\" content=\"2025-05-09T19:34:47+00:00\" \/>\n<meta name=\"twitter:card\" content=\"summary_large_image\" \/>\n<meta name=\"twitter:label1\" content=\"Tiempo de lectura\" \/>\n\t<meta name=\"twitter:data1\" content=\"1 minuto\" \/>\n<script type=\"application\/ld+json\" class=\"yoast-schema-graph\">{\"@context\":\"https:\/\/schema.org\",\"@graph\":[{\"@type\":\"WebPage\",\"@id\":\"https:\/\/costaserra.com\/es\/somos-especialistas\/seguros-de-salud\/\",\"url\":\"https:\/\/costaserra.com\/es\/somos-especialistas\/seguros-de-salud\/\",\"name\":\"Salud - Costaserra\",\"isPartOf\":{\"@id\":\"https:\/\/costaserra.com\/#website\"},\"datePublished\":\"2024-05-14T15:29:09+00:00\",\"dateModified\":\"2025-05-09T19:34:47+00:00\",\"breadcrumb\":{\"@id\":\"https:\/\/costaserra.com\/es\/somos-especialistas\/seguros-de-salud\/#breadcrumb\"},\"inLanguage\":\"es\",\"potentialAction\":[{\"@type\":\"ReadAction\",\"target\":[\"https:\/\/costaserra.com\/es\/somos-especialistas\/seguros-de-salud\/\"]}]},{\"@type\":\"BreadcrumbList\",\"@id\":\"https:\/\/costaserra.com\/es\/somos-especialistas\/seguros-de-salud\/#breadcrumb\",\"itemListElement\":[{\"@type\":\"ListItem\",\"position\":1,\"name\":\"Inici\",\"item\":\"https:\/\/costaserra.com\/es\/\"},{\"@type\":\"ListItem\",\"position\":2,\"name\":\"Somos especialistas\",\"item\":\"https:\/\/costaserra.com\/es\/somos-especialistas\/\"},{\"@type\":\"ListItem\",\"position\":3,\"name\":\"Salud\"}]},{\"@type\":\"WebSite\",\"@id\":\"https:\/\/costaserra.com\/#website\",\"url\":\"https:\/\/costaserra.com\/\",\"name\":\"Costaserra\",\"description\":\"\",\"potentialAction\":[{\"@type\":\"SearchAction\",\"target\":{\"@type\":\"EntryPoint\",\"urlTemplate\":\"https:\/\/costaserra.com\/?s={search_term_string}\"},\"query-input\":{\"@type\":\"PropertyValueSpecification\",\"valueRequired\":true,\"valueName\":\"search_term_string\"}}],\"inLanguage\":\"es\"}]}<\/script>\n<!-- \/ Yoast SEO plugin. -->","yoast_head_json":{"title":"Salud - Costaserra","robots":{"index":"index","follow":"follow","max-snippet":"max-snippet:-1","max-image-preview":"max-image-preview:large","max-video-preview":"max-video-preview:-1"},"canonical":"https:\/\/costaserra.com\/es\/somos-especialistas\/seguros-de-salud\/","og_locale":"es_ES","og_type":"article","og_title":"Salud - Costaserra","og_description":"[vc_row][vc_column][vc_column_text css=&#8221;&#8221;] \u00bfQu\u00e9 precio le pones a tu salud? Protege lo m\u00e1s valioso con coberturas completas y flexibles que se adaptan a ti y a tu familia. Descubre c\u00f3mo cuidar de tu bienestar con nosotros. Pide asesor\u00eda personalizada a Montse Tejedor y\/o Vanessa Diaz,\u00a0quienes te guiar\u00e1n para elegir la mejor compa\u00f1\u00eda de seguros de salud [&hellip;]","og_url":"https:\/\/costaserra.com\/es\/somos-especialistas\/seguros-de-salud\/","og_site_name":"Costaserra","article_modified_time":"2025-05-09T19:34:47+00:00","twitter_card":"summary_large_image","twitter_misc":{"Tiempo de lectura":"1 minuto"},"schema":{"@context":"https:\/\/schema.org","@graph":[{"@type":"WebPage","@id":"https:\/\/costaserra.com\/es\/somos-especialistas\/seguros-de-salud\/","url":"https:\/\/costaserra.com\/es\/somos-especialistas\/seguros-de-salud\/","name":"Salud - Costaserra","isPartOf":{"@id":"https:\/\/costaserra.com\/#website"},"datePublished":"2024-05-14T15:29:09+00:00","dateModified":"2025-05-09T19:34:47+00:00","breadcrumb":{"@id":"https:\/\/costaserra.com\/es\/somos-especialistas\/seguros-de-salud\/#breadcrumb"},"inLanguage":"es","potentialAction":[{"@type":"ReadAction","target":["https:\/\/costaserra.com\/es\/somos-especialistas\/seguros-de-salud\/"]}]},{"@type":"BreadcrumbList","@id":"https:\/\/costaserra.com\/es\/somos-especialistas\/seguros-de-salud\/#breadcrumb","itemListElement":[{"@type":"ListItem","position":1,"name":"Inici","item":"https:\/\/costaserra.com\/es\/"},{"@type":"ListItem","position":2,"name":"Somos especialistas","item":"https:\/\/costaserra.com\/es\/somos-especialistas\/"},{"@type":"ListItem","position":3,"name":"Salud"}]},{"@type":"WebSite","@id":"https:\/\/costaserra.com\/#website","url":"https:\/\/costaserra.com\/","name":"Costaserra","description":"","potentialAction":[{"@type":"SearchAction","target":{"@type":"EntryPoint","urlTemplate":"https:\/\/costaserra.com\/?s={search_term_string}"},"query-input":{"@type":"PropertyValueSpecification","valueRequired":true,"valueName":"search_term_string"}}],"inLanguage":"es"}]}},"_links":{"self":[{"href":"https:\/\/costaserra.com\/es\/wp-json\/wp\/v2\/pages\/276","targetHints":{"allow":["GET"]}}],"collection":[{"href":"https:\/\/costaserra.com\/es\/wp-json\/wp\/v2\/pages"}],"about":[{"href":"https:\/\/costaserra.com\/es\/wp-json\/wp\/v2\/types\/page"}],"author":[{"embeddable":true,"href":"https:\/\/costaserra.com\/es\/wp-json\/wp\/v2\/users\/1"}],"replies":[{"embeddable":true,"href":"https:\/\/costaserra.com\/es\/wp-json\/wp\/v2\/comments?post=276"}],"version-history":[{"count":16,"href":"https:\/\/costaserra.com\/es\/wp-json\/wp\/v2\/pages\/276\/revisions"}],"predecessor-version":[{"id":1685,"href":"https:\/\/costaserra.com\/es\/wp-json\/wp\/v2\/pages\/276\/revisions\/1685"}],"up":[{"embeddable":true,"href":"https:\/\/costaserra.com\/es\/wp-json\/wp\/v2\/pages\/273"}],"wp:attachment":[{"href":"https:\/\/costaserra.com\/es\/wp-json\/wp\/v2\/media?parent=276"}],"curies":[{"name":"wp","href":"https:\/\/api.w.org\/{rel}","templated":true}]}}