{"id":21,"date":"2017-01-15T17:42:06","date_gmt":"2017-01-15T17:42:06","guid":{"rendered":"http:\/\/webredox.net\/demo\/wp\/cooper\/demo1\/?page_id=21"},"modified":"2025-08-01T17:58:59","modified_gmt":"2025-08-01T17:58:59","slug":"sobre-nosotros","status":"publish","type":"page","link":"https:\/\/costaserra.com\/es\/sobre-nosotros\/","title":{"rendered":"Costa Serra"},"content":{"rendered":"<div class=\"wpb-content-wrapper\">[vc_row row_type=&#8221;main-section&#8221; wr_section_layout=&#8221;section_grid&#8221; wr_section_layout_grid=&#8221;section_layout_grid_flat&#8221;][vc_column][vc_video link=&#8221;https:\/\/youtu.be\/eWuheQ-rBho?si=-iSZ0UF237YzmgBW&#8221; align=&#8221;center&#8221; css=&#8221;&#8221;][\/vc_column][\/vc_row][vc_row][vc_column width=&#8221;1\/2&#8243;][vc_column_text css=&#8221;&#8221;]\n<h3>+ 30 a\u00f1os asesorando el patrimonio de nuestros cliente<\/h3>\n<p>&nbsp;<\/p>\n<h3>No somos vendedores, somos asesores profesionales en seguros<\/h3>\n[\/vc_column_text][vc_raw_html css=&#8221;&#8221;]JTNDbGluayUyMHJlbCUzRCUyN3N0eWxlc2hlZXQlMjclMjBpZCUzRCUyN3VsdGltYXRlLXZjLWFkZG9ucy1zdHlsZS1jc3MlMjclMjBocmVmJTNEJTI3aHR0cHMlM0ElMkYlMkZjb3N0YXNlcnJhLmNvbSUyRndwLWNvbnRlbnQlMkZwbHVnaW5zJTJGVWx0aW1hdGVfVkNfQWRkb25zJTJGYXNzZXRzJTJGbWluLWNzcyUyRnN0eWxlLm1pbi5jc3MlM0Z2ZXIlM0QzLjE5LjE5JTI3JTIwdHlwZSUzRCUyN3RleHQlMkZjc3MlMjclMjBtZWRpYSUzRCUyN2FsbCUyNyUyMCUyRiUzRSUwQSUzQ2xpbmslMjByZWwlM0QlMjdzdHlsZXNoZWV0JTI3JTIwaWQlM0QlMjd1bHRpbWF0ZS12Yy1hZGRvbnMtYW5pbWF0ZS1jc3MlMjclMjBocmVmJTNEJTI3aHR0cHMlM0ElMkYlMkZjb3N0YXNlcnJhLmNvbSUyRndwLWNvbnRlbnQlMkZwbHVnaW5zJTJGVWx0aW1hdGVfVkNfQWRkb25zJTJGYXNzZXRzJTJGbWluLWNzcyUyRmFuaW1hdGUubWluLmNzcyUzRnZlciUzRDMuMTkuMTklMjclMjB0eXBlJTNEJTI3dGV4dCUyRmNzcyUyNyUyMG1lZGlhJTNEJTI3YWxsJTI3JTIwJTJGJTNFJTBBJTNDbGluayUyMHJlbCUzRCUyN3N0eWxlc2hlZXQlMjclMjBpZCUzRCUyN3VsdGltYXRlLXZjLWFkZG9ucy1pbnRlcmFjdGl2ZS1iYW5uZXItY3NzJTI3JTIwaHJlZiUzRCUyN2h0dHBzJTNBJTJGJTJGY29zdGFzZXJyYS5jb20lMkZ3cC1jb250ZW50JTJGcGx1Z2lucyUyRlVsdGltYXRlX1ZDX0FkZG9ucyUyRmFzc2V0cyUyRm1pbi1jc3MlMkZpbnRlcmFjdGl2ZS1zdHlsZXMubWluLmNzcyUzRnZlciUzRDMuMTkuMTklMjclMjB0eXBlJTNEJTI3dGV4dCUyRmNzcyUyNyUyMG1lZGlhJTNEJTI3YWxsJTI3JTIwJTJGJTNF[\/vc_raw_html][\/vc_column][vc_column width=&#8221;1\/2&#8243;][vc_column_text css=&#8221;&#8221;]\n<ul class=\"ul-costa-1\">\n<li style=\"text-align: left;\">Personalizaci\u00f3n<\/li>\n<li style=\"text-align: left;\">Experiencia<\/li>\n<li style=\"text-align: left;\">Asesoramiento<\/li>\n<li style=\"text-align: left;\">Atenci\u00f3n directo<\/li>\n<li style=\"text-align: left;\">Profesionalidad<\/li>\n<li style=\"text-align: left;\">Equipo<\/li>\n<li style=\"text-align: left;\">Compromiso<\/li>\n<li style=\"text-align: left;\">Engranaje<\/li>\n<li style=\"text-align: left;\">Celeridad<\/li>\n<li style=\"text-align: left;\">Trabajo<\/li>\n<li style=\"text-align: left;\">Protecci\u00f3n<\/li>\n<\/ul>\n[\/vc_column_text][\/vc_column][\/vc_row]\n<\/div>","protected":false},"excerpt":{"rendered":"<p>[vc_row row_type=&#8221;main-section&#8221; wr_section_layout=&#8221;section_grid&#8221; wr_section_layout_grid=&#8221;section_layout_grid_flat&#8221;][vc_column][vc_video link=&#8221;https:\/\/youtu.be\/eWuheQ-rBho?si=-iSZ0UF237YzmgBW&#8221; align=&#8221;center&#8221; css=&#8221;&#8221;][\/vc_column][\/vc_row][vc_row][vc_column width=&#8221;1\/2&#8243;][vc_column_text css=&#8221;&#8221;] + 30 a\u00f1os asesorando el patrimonio de nuestros cliente &nbsp; No somos vendedores, somos asesores profesionales en seguros [\/vc_column_text][vc_raw_html css=&#8221;&#8221;]JTNDbGluayUyMHJlbCUzRCUyN3N0eWxlc2hlZXQlMjclMjBpZCUzRCUyN3VsdGltYXRlLXZjLWFkZG9ucy1zdHlsZS1jc3MlMjclMjBocmVmJTNEJTI3aHR0cHMlM0ElMkYlMkZjb3N0YXNlcnJhLmNvbSUyRndwLWNvbnRlbnQlMkZwbHVnaW5zJTJGVWx0aW1hdGVfVkNfQWRkb25zJTJGYXNzZXRzJTJGbWluLWNzcyUyRnN0eWxlLm1pbi5jc3MlM0Z2ZXIlM0QzLjE5LjE5JTI3JTIwdHlwZSUzRCUyN3RleHQlMkZjc3MlMjclMjBtZWRpYSUzRCUyN2FsbCUyNyUyMCUyRiUzRSUwQSUzQ2xpbmslMjByZWwlM0QlMjdzdHlsZXNoZWV0JTI3JTIwaWQlM0QlMjd1bHRpbWF0ZS12Yy1hZGRvbnMtYW5pbWF0ZS1jc3MlMjclMjBocmVmJTNEJTI3aHR0cHMlM0ElMkYlMkZjb3N0YXNlcnJhLmNvbSUyRndwLWNvbnRlbnQlMkZwbHVnaW5zJTJGVWx0aW1hdGVfVkNfQWRkb25zJTJGYXNzZXRzJTJGbWluLWNzcyUyRmFuaW1hdGUubWluLmNzcyUzRnZlciUzRDMuMTkuMTklMjclMjB0eXBlJTNEJTI3dGV4dCUyRmNzcyUyNyUyMG1lZGlhJTNEJTI3YWxsJTI3JTIwJTJGJTNFJTBBJTNDbGluayUyMHJlbCUzRCUyN3N0eWxlc2hlZXQlMjclMjBpZCUzRCUyN3VsdGltYXRlLXZjLWFkZG9ucy1pbnRlcmFjdGl2ZS1iYW5uZXItY3NzJTI3JTIwaHJlZiUzRCUyN2h0dHBzJTNBJTJGJTJGY29zdGFzZXJyYS5jb20lMkZ3cC1jb250ZW50JTJGcGx1Z2lucyUyRlVsdGltYXRlX1ZDX0FkZG9ucyUyRmFzc2V0cyUyRm1pbi1jc3MlMkZpbnRlcmFjdGl2ZS1zdHlsZXMubWluLmNzcyUzRnZlciUzRDMuMTkuMTklMjclMjB0eXBlJTNEJTI3dGV4dCUyRmNzcyUyNyUyMG1lZGlhJTNEJTI3YWxsJTI3JTIwJTJGJTNF[\/vc_raw_html][\/vc_column][vc_column width=&#8221;1\/2&#8243;][vc_column_text css=&#8221;&#8221;] Personalizaci\u00f3n Experiencia Asesoramiento Atenci\u00f3n directo Profesionalidad Equipo Compromiso Engranaje Celeridad Trabajo Protecci\u00f3n [\/vc_column_text][\/vc_column][\/vc_row]<\/p>\n","protected":false},"author":1,"featured_media":0,"parent":0,"menu_order":0,"comment_status":"closed","ping_status":"closed","template":"home-page.php","meta":{"footnotes":"","_links_to":"","_links_to_target":""},"class_list":["post-21","page","type-page","status-publish","hentry"],"yoast_head":"<!-- This site is optimized with the Yoast SEO plugin v25.7 - https:\/\/yoast.com\/wordpress\/plugins\/seo\/ -->\n<title>Costa Serra - Costaserra<\/title>\n<meta name=\"robots\" content=\"index, follow, max-snippet:-1, max-image-preview:large, max-video-preview:-1\" \/>\n<link rel=\"canonical\" href=\"https:\/\/costaserra.com\/es\/sobre-nosotros\/\" \/>\n<meta property=\"og:locale\" content=\"es_ES\" \/>\n<meta property=\"og:type\" content=\"article\" \/>\n<meta property=\"og:title\" content=\"Costa Serra - Costaserra\" \/>\n<meta property=\"og:description\" content=\"[vc_row row_type=&#8221;main-section&#8221; wr_section_layout=&#8221;section_grid&#8221; wr_section_layout_grid=&#8221;section_layout_grid_flat&#8221;][vc_column][vc_video link=&#8221;https:\/\/youtu.be\/eWuheQ-rBho?si=-iSZ0UF237YzmgBW&#8221; align=&#8221;center&#8221; css=&#8221;&#8221;][\/vc_column][\/vc_row][vc_row][vc_column width=&#8221;1\/2&#8243;][vc_column_text css=&#8221;&#8221;] + 30 a\u00f1os asesorando el patrimonio de nuestros cliente &nbsp; No somos vendedores, somos asesores profesionales en seguros [\/vc_column_text][vc_raw_html css=&#8221;&#8221;]JTNDbGluayUyMHJlbCUzRCUyN3N0eWxlc2hlZXQlMjclMjBpZCUzRCUyN3VsdGltYXRlLXZjLWFkZG9ucy1zdHlsZS1jc3MlMjclMjBocmVmJTNEJTI3aHR0cHMlM0ElMkYlMkZjb3N0YXNlcnJhLmNvbSUyRndwLWNvbnRlbnQlMkZwbHVnaW5zJTJGVWx0aW1hdGVfVkNfQWRkb25zJTJGYXNzZXRzJTJGbWluLWNzcyUyRnN0eWxlLm1pbi5jc3MlM0Z2ZXIlM0QzLjE5LjE5JTI3JTIwdHlwZSUzRCUyN3RleHQlMkZjc3MlMjclMjBtZWRpYSUzRCUyN2FsbCUyNyUyMCUyRiUzRSUwQSUzQ2xpbmslMjByZWwlM0QlMjdzdHlsZXNoZWV0JTI3JTIwaWQlM0QlMjd1bHRpbWF0ZS12Yy1hZGRvbnMtYW5pbWF0ZS1jc3MlMjclMjBocmVmJTNEJTI3aHR0cHMlM0ElMkYlMkZjb3N0YXNlcnJhLmNvbSUyRndwLWNvbnRlbnQlMkZwbHVnaW5zJTJGVWx0aW1hdGVfVkNfQWRkb25zJTJGYXNzZXRzJTJGbWluLWNzcyUyRmFuaW1hdGUubWluLmNzcyUzRnZlciUzRDMuMTkuMTklMjclMjB0eXBlJTNEJTI3dGV4dCUyRmNzcyUyNyUyMG1lZGlhJTNEJTI3YWxsJTI3JTIwJTJGJTNFJTBBJTNDbGluayUyMHJlbCUzRCUyN3N0eWxlc2hlZXQlMjclMjBpZCUzRCUyN3VsdGltYXRlLXZjLWFkZG9ucy1pbnRlcmFjdGl2ZS1iYW5uZXItY3NzJTI3JTIwaHJlZiUzRCUyN2h0dHBzJTNBJTJGJTJGY29zdGFzZXJyYS5jb20lMkZ3cC1jb250ZW50JTJGcGx1Z2lucyUyRlVsdGltYXRlX1ZDX0FkZG9ucyUyRmFzc2V0cyUyRm1pbi1jc3MlMkZpbnRlcmFjdGl2ZS1zdHlsZXMubWluLmNzcyUzRnZlciUzRDMuMTkuMTklMjclMjB0eXBlJTNEJTI3dGV4dCUyRmNzcyUyNyUyMG1lZGlhJTNEJTI3YWxsJTI3JTIwJTJGJTNF[\/vc_raw_html][\/vc_column][vc_column width=&#8221;1\/2&#8243;][vc_column_text css=&#8221;&#8221;] Personalizaci\u00f3n Experiencia Asesoramiento Atenci\u00f3n directo Profesionalidad Equipo Compromiso Engranaje Celeridad Trabajo Protecci\u00f3n [\/vc_column_text][\/vc_column][\/vc_row]\" \/>\n<meta property=\"og:url\" content=\"https:\/\/costaserra.com\/es\/sobre-nosotros\/\" \/>\n<meta property=\"og:site_name\" content=\"Costaserra\" \/>\n<meta property=\"article:modified_time\" content=\"2025-08-01T17:58:59+00:00\" \/>\n<meta name=\"twitter:card\" content=\"summary_large_image\" \/>\n<meta name=\"twitter:label1\" content=\"Tiempo de lectura\" \/>\n\t<meta name=\"twitter:data1\" content=\"1 minuto\" \/>\n<script type=\"application\/ld+json\" class=\"yoast-schema-graph\">{\"@context\":\"https:\/\/schema.org\",\"@graph\":[{\"@type\":\"WebPage\",\"@id\":\"https:\/\/costaserra.com\/es\/sobre-nosotros\/\",\"url\":\"https:\/\/costaserra.com\/es\/sobre-nosotros\/\",\"name\":\"Costa Serra - Costaserra\",\"isPartOf\":{\"@id\":\"https:\/\/costaserra.com\/#website\"},\"datePublished\":\"2017-01-15T17:42:06+00:00\",\"dateModified\":\"2025-08-01T17:58:59+00:00\",\"breadcrumb\":{\"@id\":\"https:\/\/costaserra.com\/es\/sobre-nosotros\/#breadcrumb\"},\"inLanguage\":\"es\",\"potentialAction\":[{\"@type\":\"ReadAction\",\"target\":[\"https:\/\/costaserra.com\/es\/sobre-nosotros\/\"]}]},{\"@type\":\"BreadcrumbList\",\"@id\":\"https:\/\/costaserra.com\/es\/sobre-nosotros\/#breadcrumb\",\"itemListElement\":[{\"@type\":\"ListItem\",\"position\":1,\"name\":\"Inici\",\"item\":\"https:\/\/costaserra.com\/es\/\"},{\"@type\":\"ListItem\",\"position\":2,\"name\":\"Costa Serra\"}]},{\"@type\":\"WebSite\",\"@id\":\"https:\/\/costaserra.com\/#website\",\"url\":\"https:\/\/costaserra.com\/\",\"name\":\"Costaserra\",\"description\":\"\",\"potentialAction\":[{\"@type\":\"SearchAction\",\"target\":{\"@type\":\"EntryPoint\",\"urlTemplate\":\"https:\/\/costaserra.com\/?s={search_term_string}\"},\"query-input\":{\"@type\":\"PropertyValueSpecification\",\"valueRequired\":true,\"valueName\":\"search_term_string\"}}],\"inLanguage\":\"es\"}]}<\/script>\n<!-- \/ Yoast SEO plugin. -->","yoast_head_json":{"title":"Costa Serra - Costaserra","robots":{"index":"index","follow":"follow","max-snippet":"max-snippet:-1","max-image-preview":"max-image-preview:large","max-video-preview":"max-video-preview:-1"},"canonical":"https:\/\/costaserra.com\/es\/sobre-nosotros\/","og_locale":"es_ES","og_type":"article","og_title":"Costa Serra - Costaserra","og_description":"[vc_row row_type=&#8221;main-section&#8221; wr_section_layout=&#8221;section_grid&#8221; wr_section_layout_grid=&#8221;section_layout_grid_flat&#8221;][vc_column][vc_video link=&#8221;https:\/\/youtu.be\/eWuheQ-rBho?si=-iSZ0UF237YzmgBW&#8221; align=&#8221;center&#8221; css=&#8221;&#8221;][\/vc_column][\/vc_row][vc_row][vc_column width=&#8221;1\/2&#8243;][vc_column_text css=&#8221;&#8221;] + 30 a\u00f1os asesorando el patrimonio de nuestros cliente &nbsp; No somos vendedores, somos asesores profesionales en seguros [\/vc_column_text][vc_raw_html css=&#8221;&#8221;]JTNDbGluayUyMHJlbCUzRCUyN3N0eWxlc2hlZXQlMjclMjBpZCUzRCUyN3VsdGltYXRlLXZjLWFkZG9ucy1zdHlsZS1jc3MlMjclMjBocmVmJTNEJTI3aHR0cHMlM0ElMkYlMkZjb3N0YXNlcnJhLmNvbSUyRndwLWNvbnRlbnQlMkZwbHVnaW5zJTJGVWx0aW1hdGVfVkNfQWRkb25zJTJGYXNzZXRzJTJGbWluLWNzcyUyRnN0eWxlLm1pbi5jc3MlM0Z2ZXIlM0QzLjE5LjE5JTI3JTIwdHlwZSUzRCUyN3RleHQlMkZjc3MlMjclMjBtZWRpYSUzRCUyN2FsbCUyNyUyMCUyRiUzRSUwQSUzQ2xpbmslMjByZWwlM0QlMjdzdHlsZXNoZWV0JTI3JTIwaWQlM0QlMjd1bHRpbWF0ZS12Yy1hZGRvbnMtYW5pbWF0ZS1jc3MlMjclMjBocmVmJTNEJTI3aHR0cHMlM0ElMkYlMkZjb3N0YXNlcnJhLmNvbSUyRndwLWNvbnRlbnQlMkZwbHVnaW5zJTJGVWx0aW1hdGVfVkNfQWRkb25zJTJGYXNzZXRzJTJGbWluLWNzcyUyRmFuaW1hdGUubWluLmNzcyUzRnZlciUzRDMuMTkuMTklMjclMjB0eXBlJTNEJTI3dGV4dCUyRmNzcyUyNyUyMG1lZGlhJTNEJTI3YWxsJTI3JTIwJTJGJTNFJTBBJTNDbGluayUyMHJlbCUzRCUyN3N0eWxlc2hlZXQlMjclMjBpZCUzRCUyN3VsdGltYXRlLXZjLWFkZG9ucy1pbnRlcmFjdGl2ZS1iYW5uZXItY3NzJTI3JTIwaHJlZiUzRCUyN2h0dHBzJTNBJTJGJTJGY29zdGFzZXJyYS5jb20lMkZ3cC1jb250ZW50JTJGcGx1Z2lucyUyRlVsdGltYXRlX1ZDX0FkZG9ucyUyRmFzc2V0cyUyRm1pbi1jc3MlMkZpbnRlcmFjdGl2ZS1zdHlsZXMubWluLmNzcyUzRnZlciUzRDMuMTkuMTklMjclMjB0eXBlJTNEJTI3dGV4dCUyRmNzcyUyNyUyMG1lZGlhJTNEJTI3YWxsJTI3JTIwJTJGJTNF[\/vc_raw_html][\/vc_column][vc_column width=&#8221;1\/2&#8243;][vc_column_text css=&#8221;&#8221;] Personalizaci\u00f3n Experiencia Asesoramiento Atenci\u00f3n directo Profesionalidad Equipo Compromiso Engranaje Celeridad Trabajo Protecci\u00f3n [\/vc_column_text][\/vc_column][\/vc_row]","og_url":"https:\/\/costaserra.com\/es\/sobre-nosotros\/","og_site_name":"Costaserra","article_modified_time":"2025-08-01T17:58:59+00:00","twitter_card":"summary_large_image","twitter_misc":{"Tiempo de lectura":"1 minuto"},"schema":{"@context":"https:\/\/schema.org","@graph":[{"@type":"WebPage","@id":"https:\/\/costaserra.com\/es\/sobre-nosotros\/","url":"https:\/\/costaserra.com\/es\/sobre-nosotros\/","name":"Costa Serra - Costaserra","isPartOf":{"@id":"https:\/\/costaserra.com\/#website"},"datePublished":"2017-01-15T17:42:06+00:00","dateModified":"2025-08-01T17:58:59+00:00","breadcrumb":{"@id":"https:\/\/costaserra.com\/es\/sobre-nosotros\/#breadcrumb"},"inLanguage":"es","potentialAction":[{"@type":"ReadAction","target":["https:\/\/costaserra.com\/es\/sobre-nosotros\/"]}]},{"@type":"BreadcrumbList","@id":"https:\/\/costaserra.com\/es\/sobre-nosotros\/#breadcrumb","itemListElement":[{"@type":"ListItem","position":1,"name":"Inici","item":"https:\/\/costaserra.com\/es\/"},{"@type":"ListItem","position":2,"name":"Costa Serra"}]},{"@type":"WebSite","@id":"https:\/\/costaserra.com\/#website","url":"https:\/\/costaserra.com\/","name":"Costaserra","description":"","potentialAction":[{"@type":"SearchAction","target":{"@type":"EntryPoint","urlTemplate":"https:\/\/costaserra.com\/?s={search_term_string}"},"query-input":{"@type":"PropertyValueSpecification","valueRequired":true,"valueName":"search_term_string"}}],"inLanguage":"es"}]}},"_links":{"self":[{"href":"https:\/\/costaserra.com\/es\/wp-json\/wp\/v2\/pages\/21","targetHints":{"allow":["GET"]}}],"collection":[{"href":"https:\/\/costaserra.com\/es\/wp-json\/wp\/v2\/pages"}],"about":[{"href":"https:\/\/costaserra.com\/es\/wp-json\/wp\/v2\/types\/page"}],"author":[{"embeddable":true,"href":"https:\/\/costaserra.com\/es\/wp-json\/wp\/v2\/users\/1"}],"replies":[{"embeddable":true,"href":"https:\/\/costaserra.com\/es\/wp-json\/wp\/v2\/comments?post=21"}],"version-history":[{"count":30,"href":"https:\/\/costaserra.com\/es\/wp-json\/wp\/v2\/pages\/21\/revisions"}],"predecessor-version":[{"id":1798,"href":"https:\/\/costaserra.com\/es\/wp-json\/wp\/v2\/pages\/21\/revisions\/1798"}],"wp:attachment":[{"href":"https:\/\/costaserra.com\/es\/wp-json\/wp\/v2\/media?parent=21"}],"curies":[{"name":"wp","href":"https:\/\/api.w.org\/{rel}","templated":true}]}}