{"id":1098,"date":"2024-10-29T11:32:29","date_gmt":"2024-10-29T11:32:29","guid":{"rendered":"https:\/\/costaserra.com\/2024\/?page_id=1098"},"modified":"2026-02-05T11:41:48","modified_gmt":"2026-02-05T11:41:48","slug":"politica-de-cookies","status":"publish","type":"page","link":"https:\/\/costaserra.com\/es\/politica-de-cookies\/","title":{"rendered":"Pol\u00edtica de cookies"},"content":{"rendered":"<div class=\"wpb-content-wrapper\">[vc_row][vc_column][vc_column_text css=&#8221;&#8221;]Esta Pol\u00edtica de Cookies es parte integrante del Aviso Legal y la Pol\u00edtica de Protecci\u00f3n de Datos de\u00a0<a href=\"https:\/\/www.costaserra.com\/\"><strong>www.costaserra.com<\/strong><\/a>(en adelante, el \u201cSitio Web\u201d). El acceso y la navegaci\u00f3n en el Sitio Web, o el uso de los servicios de la misma, implican la aceptaci\u00f3n de los t\u00e9rminos y condiciones recogidos en el Aviso Legal y en la Pol\u00edtica de Protecci\u00f3n de Datos.<\/p>\n<p>Con el fin de facilitar su navegaci\u00f3n por el Sitio Web, COSTA SERRA con domicilio social Carrer de Baldomer Sol\u00e0, 1, 08912 Badalona, con CIF B60268208, le comunica que utiliza Cookies u otros archivos de funcionalidad similar (en adelante, las \u201cCookies\u201d).<\/p>\n<p>En todo caso, le informamos de que COSTA SERRA es el responsable de las Cookies y del tratamiento de los datos obtenidos a trav\u00e9s de las Cookies propias y de terceros decidiendo sobre la finalidad, contenido y uso del tratamiento de la informaci\u00f3n recabada.<\/p>\n<p>&nbsp;<\/p>\n<p><strong>\u00bfQu\u00e9 es una Cookie?<\/strong><\/p>\n<p>Las Cookies son archivos que contienen peque\u00f1as cantidades de informaci\u00f3n que se descargan en el dispositivo del usuario cuando visita una p\u00e1gina web. Su finalidad principal es reconocer al usuario cada vez que accede al Sitio Web permitiendo, adem\u00e1s, mejorar la calidad y ofrecer un mejor uso del Sitio Web.<\/p>\n<p>Las Cookies son esenciales para el funcionamiento de Internet; no pueden da\u00f1ar el equipo\/dispositivo del usuario y, si se encuentran activadas en la configuraci\u00f3n de su navegador, ayudan a identificar y resolver posibles errores de funcionamiento del Sitio Web.<\/p>\n<p>&nbsp;<\/p>\n<p><strong>Uso de Cookies por parte de COSTA SERRA<\/strong><\/p>\n<p>Mediante el acceso al Sitio Web, acepta de manera expresa la utilizaci\u00f3n de este tipo de Cookies en sus dispositivos. Si desactiva las Cookies, puede que su navegaci\u00f3n por el Sitio Web no sea \u00f3ptima y algunas de las utilidades de que dispone el Sitio Web no funcionen correctamente.<\/p>\n<p>Concretamente, COSTA SERRA est\u00e1 utilizando las Cookies para las finalidades que a continuaci\u00f3n se exponen. Si en un futuro COSTA SERRA utilizase otras con el prop\u00f3sito de otorgar m\u00e1s y mejores servicios, se informar\u00e1 al usuario de ello.<\/p>\n<p>En cualquier momento puede cambiar o retirar su consentimiento de la Declaraci\u00f3n de cookies en nuestro sitio web.<\/p>\n<p>Su consentimiento se aplica a los siguientes dominios: costaserra.com<\/p>\n<div class=\"wt-cli-element cli_user_consent_state\">Su estado actual: Consent accepted. Allowed all cookies (Necesarias, non_necessary).\u00a0Gestiona tu consentimiento.<\/div>\n<p>Las cookies utilizadas en nuestro sitio web se agrupan en las siguientes categor\u00edas.<\/p>\n<div class=\"wt-cli-element cli_cookie_category_single\">\n<div class=\"cli_cookie_category_single\">\n<h5><\/h5>\n<h5 class=\"cli_cookie_category_single_hd\">Necesarias<\/h5>\n<div class=\"cli_cookie_category_single_description\">\n<p>Las cookies necesarias son absolutamente esenciales para que el sitio web funcione correctamente. Esta categor\u00eda solo incluye cookies que garantizan funcionalidades b\u00e1sicas y caracter\u00edsticas de seguridad del sitio web. Estas cookies no almacenan ninguna informaci\u00f3n personal.<\/p>\n<\/div>\n<\/div>\n<div class=\"cli_cookie_category_single\">\n<h5><\/h5>\n<h5 class=\"cli_cookie_category_single_hd\">No necesarias<\/h5>\n<div class=\"cli_cookie_category_single_description\">\n<p>Las cookies que pueden no ser particularmente necesarias para el funcionamiento del sitio web y se utilizan espec\u00edficamente para recopilar datos personales del usuario a trav\u00e9s de an\u00e1lisis, anuncios y otros contenidos incrustados se denominan cookies no necesarias. Es obligatorio obtener el consentimiento del usuario antes de ejecutar estas cookies en su sitio web.<\/p>\n<\/div>\n<\/div>\n<\/div>\n<p>La siguiente lista detalla las cookies utilizadas en nuestro sitio web.<\/p>\n<p>&nbsp;<\/p>\n<table class=\"wt-cli-element cookielawinfo-classic cookielawinfo-row-cat-table\">\n<thead>\n<tr>\n<th class=\"cookielawinfo-column-1\" scope=\"col\">Cookie<\/th>\n<th class=\"cookielawinfo-column-2\" scope=\"col\">Tipo<\/th>\n<th class=\"cookielawinfo-column-3\" scope=\"col\">Duraci\u00f3n<\/th>\n<th class=\"cookielawinfo-column-4\" scope=\"col\">Descripci\u00f3n<\/th>\n<\/tr>\n<\/thead>\n<tbody>\n<tr class=\"cookielawinfo-row-cat-title\">\n<th class=\"cookielawinfo-row-cat-title-head\" colspan=\"4\">Necesarias<\/th>\n<\/tr>\n<tr class=\"cookielawinfo-row\">\n<td class=\"cookielawinfo-column-1\">wp-wpml_current_language<\/td>\n<td class=\"cookielawinfo-column-2\">0<\/td>\n<td class=\"cookielawinfo-column-3\">Sesi\u00f3n<\/td>\n<td class=\"cookielawinfo-column-4\">Esta cookie almacena el idioma del usuario para poder servirle el contenido de la web en el idioma adecuado.<\/td>\n<\/tr>\n<tr class=\"cookielawinfo-row\">\n<td class=\"cookielawinfo-column-1\">viewed_cookie_policy<\/td>\n<td class=\"cookielawinfo-column-2\">0<\/td>\n<td class=\"cookielawinfo-column-3\">11 meses<\/td>\n<td class=\"cookielawinfo-column-4\">La cookie est\u00e1 configurada por el complemento de consentimiento de cookies GDPR y se utiliza para almacenar si el usuario ha dado su consentimiento o no para el uso de cookies. No almacena ning\u00fan dato personal.<\/td>\n<\/tr>\n<tr class=\"cookielawinfo-row\">\n<td class=\"cookielawinfo-column-1\">cookielawinfo-checkbox-necessary<\/td>\n<td class=\"cookielawinfo-column-2\">0<\/td>\n<td class=\"cookielawinfo-column-3\">11 meses<\/td>\n<td class=\"cookielawinfo-column-4\">Esta cookie est\u00e1 configurada por el complemento de consentimiento de cookies de GDPR. Las cookies se utilizan para almacenar el consentimiento del usuario para las cookies en la categor\u00eda \u00abNecesarias\u00bb.<\/td>\n<\/tr>\n<tr class=\"cookielawinfo-row\">\n<td class=\"cookielawinfo-column-1\">cookielawinfo-checkbox-non-necessary<\/td>\n<td class=\"cookielawinfo-column-2\">0<\/td>\n<td class=\"cookielawinfo-column-3\">11 meses<\/td>\n<td class=\"cookielawinfo-column-4\">Esta cookie est\u00e1 configurada por el complemento de consentimiento de cookies de GDPR. Las cookies se utilizan para almacenar el consentimiento del usuario para las cookies en la categor\u00eda \u00abNo necesarias\u00bb.<\/td>\n<\/tr>\n<tr class=\"cookielawinfo-row-cat-title\">\n<th class=\"cookielawinfo-row-cat-title-head\" colspan=\"4\">No necesarias<\/th>\n<\/tr>\n<tr class=\"cookielawinfo-row\">\n<td class=\"cookielawinfo-column-1\">test_cookie<\/td>\n<td class=\"cookielawinfo-column-2\">0<\/td>\n<td class=\"cookielawinfo-column-3\">11 meses<\/td>\n<td class=\"cookielawinfo-column-4\"><\/td>\n<\/tr>\n<tr class=\"cookielawinfo-row\">\n<td class=\"cookielawinfo-column-1\">Cookies de GA4<\/td>\n<td class=\"cookielawinfo-column-2\">0<\/td>\n<td class=\"cookielawinfo-column-3\">2 a\u00f1os<\/td>\n<td class=\"cookielawinfo-column-4\">Las cookies de GA4 son importantes para la medici\u00f3n en sitios web y aplicaciones, ya que permiten identificar usuarios \u00fanicos y sesiones.<\/td>\n<\/tr>\n<tr class=\"cookielawinfo-row\">\n<td class=\"cookielawinfo-column-1\">Cookies de _ga_&lt;container-id&gt;<\/td>\n<td class=\"cookielawinfo-column-2\">0<\/td>\n<td class=\"cookielawinfo-column-3\">2 a\u00f1os<\/td>\n<td class=\"cookielawinfo-column-4\">Las cookies _ga_ son utilizadas por Google Analytics para mantener el estado de la sesi\u00f3n de un usuario en un sitio web. Sirven para identificar y rastrear una sesi\u00f3n individual con el dispositivo del usuario.<\/td>\n<\/tr>\n<\/tbody>\n<\/table>\n<p>&nbsp;<\/p>\n<p>&nbsp;<\/p>\n<p><strong>Configuraci\u00f3n del usuario para evitar Cookies<\/strong><\/p>\n<p>En cumplimiento de la normativa legal vigente, ponemos a su disposici\u00f3n la informaci\u00f3n que le permita configurar su navegador\/navegadores de Internet para mantener su privacidad y seguridad en relaci\u00f3n con las Cookies. Por ello, le facilitamos la informaci\u00f3n y enlaces a los sitios de soporte oficiales de los principales navegadores para que pueda decidir si desea o no aceptar el uso de Cookies.<\/p>\n<p>As\u00ed, puede bloquear las Cookies a trav\u00e9s de las herramientas de configuraci\u00f3n del navegador, o bien, puede configurar su navegador para que le avise cuando un servidor quiera guardar una Cookie:<\/p>\n<p>&nbsp;<\/p>\n<p>ENLACES<\/p>\n<ul>\n<li>Chrome,\u00a0<a href=\"http:\/\/support.google.com\/chrome\/bin\/answer.py?hl=es&amp;answer=95647\" target=\"_blank\" rel=\"noreferrer noopener\">http:\/\/support.google.com\/chrome\/bin\/answer.py?hl=es&amp;answer=95647<\/a><\/li>\n<li>Explorer,\u00a0<a href=\"http:\/\/windows.microsoft.com\/es-es\/windows7\/how-to-manage-cookies-in-internet-explorer-9\" target=\"_blank\" rel=\"noreferrer noopener\">http:\/\/windows.microsoft.com\/es-es\/windows7\/how-to-manage-cookies-in-internet-explorer-9<\/a><\/li>\n<li>Firefox,\u00a0<a href=\"http:\/\/support.mozilla.org\/es\/kb\/habilitar-y-deshabilitar-cookies-que-los-sitios-we\" target=\"_blank\" rel=\"noreferrer noopener\">http:\/\/support.mozilla.org\/es\/kb\/habilitar-y-deshabilitar-cookies-que-los-sitios-we<\/a><\/li>\n<li>Safari,\u00a0<a href=\"http:\/\/support.apple.com\/kb\/ph5042\" target=\"_blank\" rel=\"noreferrer noopener\">http:\/\/support.apple.com\/kb\/ph5042<\/a><\/li>\n<\/ul>\n<p>&nbsp;<\/p>\n<p>Se entender\u00e1 que el usuario acepta la utilizaci\u00f3n de las cookies si contin\u00faa navegando por esta p\u00e1gina web sin proceder previamente a la desactivaci\u00f3n de las mismas.<\/p>\n<p>\u00daltima actualizaci\u00f3n 2026<\/p>\n<p>\u00a9 COSTA SERRA, S.L.U. Todos los derechos reservados.[\/vc_column_text][\/vc_column][\/vc_row]\n<\/div>","protected":false},"excerpt":{"rendered":"<p>[vc_row][vc_column][vc_column_text css=&#8221;&#8221;]Esta Pol\u00edtica de Cookies es parte integrante del Aviso Legal y la Pol\u00edtica de Protecci\u00f3n de Datos de\u00a0www.costaserra.com(en adelante, el \u201cSitio Web\u201d). El acceso y la navegaci\u00f3n en el Sitio Web, o el uso de los servicios de la misma, implican la aceptaci\u00f3n de los t\u00e9rminos y condiciones recogidos en el Aviso Legal y [&hellip;]<\/p>\n","protected":false},"author":1,"featured_media":0,"parent":0,"menu_order":0,"comment_status":"closed","ping_status":"closed","template":"","meta":{"footnotes":"","_links_to":"","_links_to_target":""},"class_list":["post-1098","page","type-page","status-publish","hentry"],"yoast_head":"<!-- This site is optimized with the Yoast SEO plugin v25.7 - https:\/\/yoast.com\/wordpress\/plugins\/seo\/ -->\n<title>Pol\u00edtica de cookies - Costaserra<\/title>\n<meta name=\"robots\" content=\"index, follow, max-snippet:-1, max-image-preview:large, max-video-preview:-1\" \/>\n<link rel=\"canonical\" href=\"https:\/\/costaserra.com\/es\/politica-de-cookies\/\" \/>\n<meta property=\"og:locale\" content=\"es_ES\" \/>\n<meta property=\"og:type\" content=\"article\" \/>\n<meta property=\"og:title\" content=\"Pol\u00edtica de cookies - Costaserra\" \/>\n<meta property=\"og:description\" content=\"[vc_row][vc_column][vc_column_text css=&#8221;&#8221;]Esta Pol\u00edtica de Cookies es parte integrante del Aviso Legal y la Pol\u00edtica de Protecci\u00f3n de Datos de\u00a0www.costaserra.com(en adelante, el \u201cSitio Web\u201d). El acceso y la navegaci\u00f3n en el Sitio Web, o el uso de los servicios de la misma, implican la aceptaci\u00f3n de los t\u00e9rminos y condiciones recogidos en el Aviso Legal y [&hellip;]\" \/>\n<meta property=\"og:url\" content=\"https:\/\/costaserra.com\/es\/politica-de-cookies\/\" \/>\n<meta property=\"og:site_name\" content=\"Costaserra\" \/>\n<meta property=\"article:modified_time\" content=\"2026-02-05T11:41:48+00:00\" \/>\n<meta name=\"twitter:card\" content=\"summary_large_image\" \/>\n<meta name=\"twitter:label1\" content=\"Tiempo de lectura\" \/>\n\t<meta name=\"twitter:data1\" content=\"5 minutos\" \/>\n<script type=\"application\/ld+json\" class=\"yoast-schema-graph\">{\"@context\":\"https:\/\/schema.org\",\"@graph\":[{\"@type\":\"WebPage\",\"@id\":\"https:\/\/costaserra.com\/es\/politica-de-cookies\/\",\"url\":\"https:\/\/costaserra.com\/es\/politica-de-cookies\/\",\"name\":\"Pol\u00edtica de cookies - Costaserra\",\"isPartOf\":{\"@id\":\"https:\/\/costaserra.com\/#website\"},\"datePublished\":\"2024-10-29T11:32:29+00:00\",\"dateModified\":\"2026-02-05T11:41:48+00:00\",\"breadcrumb\":{\"@id\":\"https:\/\/costaserra.com\/es\/politica-de-cookies\/#breadcrumb\"},\"inLanguage\":\"es\",\"potentialAction\":[{\"@type\":\"ReadAction\",\"target\":[\"https:\/\/costaserra.com\/es\/politica-de-cookies\/\"]}]},{\"@type\":\"BreadcrumbList\",\"@id\":\"https:\/\/costaserra.com\/es\/politica-de-cookies\/#breadcrumb\",\"itemListElement\":[{\"@type\":\"ListItem\",\"position\":1,\"name\":\"Inici\",\"item\":\"https:\/\/costaserra.com\/es\/\"},{\"@type\":\"ListItem\",\"position\":2,\"name\":\"Pol\u00edtica de cookies\"}]},{\"@type\":\"WebSite\",\"@id\":\"https:\/\/costaserra.com\/#website\",\"url\":\"https:\/\/costaserra.com\/\",\"name\":\"Costaserra\",\"description\":\"\",\"potentialAction\":[{\"@type\":\"SearchAction\",\"target\":{\"@type\":\"EntryPoint\",\"urlTemplate\":\"https:\/\/costaserra.com\/?s={search_term_string}\"},\"query-input\":{\"@type\":\"PropertyValueSpecification\",\"valueRequired\":true,\"valueName\":\"search_term_string\"}}],\"inLanguage\":\"es\"}]}<\/script>\n<!-- \/ Yoast SEO plugin. -->","yoast_head_json":{"title":"Pol\u00edtica de cookies - Costaserra","robots":{"index":"index","follow":"follow","max-snippet":"max-snippet:-1","max-image-preview":"max-image-preview:large","max-video-preview":"max-video-preview:-1"},"canonical":"https:\/\/costaserra.com\/es\/politica-de-cookies\/","og_locale":"es_ES","og_type":"article","og_title":"Pol\u00edtica de cookies - Costaserra","og_description":"[vc_row][vc_column][vc_column_text css=&#8221;&#8221;]Esta Pol\u00edtica de Cookies es parte integrante del Aviso Legal y la Pol\u00edtica de Protecci\u00f3n de Datos de\u00a0www.costaserra.com(en adelante, el \u201cSitio Web\u201d). El acceso y la navegaci\u00f3n en el Sitio Web, o el uso de los servicios de la misma, implican la aceptaci\u00f3n de los t\u00e9rminos y condiciones recogidos en el Aviso Legal y [&hellip;]","og_url":"https:\/\/costaserra.com\/es\/politica-de-cookies\/","og_site_name":"Costaserra","article_modified_time":"2026-02-05T11:41:48+00:00","twitter_card":"summary_large_image","twitter_misc":{"Tiempo de lectura":"5 minutos"},"schema":{"@context":"https:\/\/schema.org","@graph":[{"@type":"WebPage","@id":"https:\/\/costaserra.com\/es\/politica-de-cookies\/","url":"https:\/\/costaserra.com\/es\/politica-de-cookies\/","name":"Pol\u00edtica de cookies - Costaserra","isPartOf":{"@id":"https:\/\/costaserra.com\/#website"},"datePublished":"2024-10-29T11:32:29+00:00","dateModified":"2026-02-05T11:41:48+00:00","breadcrumb":{"@id":"https:\/\/costaserra.com\/es\/politica-de-cookies\/#breadcrumb"},"inLanguage":"es","potentialAction":[{"@type":"ReadAction","target":["https:\/\/costaserra.com\/es\/politica-de-cookies\/"]}]},{"@type":"BreadcrumbList","@id":"https:\/\/costaserra.com\/es\/politica-de-cookies\/#breadcrumb","itemListElement":[{"@type":"ListItem","position":1,"name":"Inici","item":"https:\/\/costaserra.com\/es\/"},{"@type":"ListItem","position":2,"name":"Pol\u00edtica de cookies"}]},{"@type":"WebSite","@id":"https:\/\/costaserra.com\/#website","url":"https:\/\/costaserra.com\/","name":"Costaserra","description":"","potentialAction":[{"@type":"SearchAction","target":{"@type":"EntryPoint","urlTemplate":"https:\/\/costaserra.com\/?s={search_term_string}"},"query-input":{"@type":"PropertyValueSpecification","valueRequired":true,"valueName":"search_term_string"}}],"inLanguage":"es"}]}},"_links":{"self":[{"href":"https:\/\/costaserra.com\/es\/wp-json\/wp\/v2\/pages\/1098","targetHints":{"allow":["GET"]}}],"collection":[{"href":"https:\/\/costaserra.com\/es\/wp-json\/wp\/v2\/pages"}],"about":[{"href":"https:\/\/costaserra.com\/es\/wp-json\/wp\/v2\/types\/page"}],"author":[{"embeddable":true,"href":"https:\/\/costaserra.com\/es\/wp-json\/wp\/v2\/users\/1"}],"replies":[{"embeddable":true,"href":"https:\/\/costaserra.com\/es\/wp-json\/wp\/v2\/comments?post=1098"}],"version-history":[{"count":9,"href":"https:\/\/costaserra.com\/es\/wp-json\/wp\/v2\/pages\/1098\/revisions"}],"predecessor-version":[{"id":1828,"href":"https:\/\/costaserra.com\/es\/wp-json\/wp\/v2\/pages\/1098\/revisions\/1828"}],"wp:attachment":[{"href":"https:\/\/costaserra.com\/es\/wp-json\/wp\/v2\/media?parent=1098"}],"curies":[{"name":"wp","href":"https:\/\/api.w.org\/{rel}","templated":true}]}}