{"id":1095,"date":"2024-10-29T11:28:51","date_gmt":"2024-10-29T11:28:51","guid":{"rendered":"https:\/\/costaserra.com\/2024\/?page_id=1095"},"modified":"2026-02-05T11:52:26","modified_gmt":"2026-02-05T11:52:26","slug":"aviso-legal","status":"publish","type":"page","link":"https:\/\/costaserra.com\/es\/aviso-legal\/","title":{"rendered":"Aviso legal"},"content":{"rendered":"<div class=\"wpb-content-wrapper\">[vc_row][vc_column][vc_column_text css=&#8221;&#8221;]El acceso, navegaci\u00f3n y utilizaci\u00f3n del sitio web\u00a0<a href=\"https:\/\/www.costaserra.com\/\">https:\/\/www.costaserra.com<\/a>\u00a0(en adelante, el \u201cWeb\u201d) implica la aceptaci\u00f3n expresa y sin reservas de todos los t\u00e9rminos de las presentes Condiciones de Uso, teniendo la misma validez y eficacia que cualquier contrato celebrado por escrito y firmado.<\/p>\n<p>&nbsp;<\/p>\n<p>Su comprensi\u00f3n y cumplimiento ser\u00e1 exigible respecto de cualquier persona que acceda, navegue o utilice la Web. Si Ud. no est\u00e1 de acuerdo con los t\u00e9rminos expuestos, no acceda, navegue o utilice esta Web.<\/p>\n<p>&nbsp;<\/p>\n<p>IDENTIFICACI\u00d3N<\/p>\n<ul>\n<li>Titular: COSTA SERRA, S.L.U. (en adelante, La Corredur\u00eda)<\/li>\n<li>Domicilio social: Carrer de Baldomer Sol\u00e0, 1 08912 Badalona<\/li>\n<li>Inscrita en el Registro Mercantil de Barcelona, Folio 183, Tomo 25.415, Hoja B-88107<\/li>\n<li>Inscrita en el Registro direcci\u00f3n General de seguros clave J-0855 \u00a0Concertado seguro de Responsabilidad Civil profesional seg\u00fan el art\u00edculo 157.1g, y acreditada la capacidad financiera seg\u00fan art\u00edculo 157.1f, Real Decreto 3\/2020, de 4 de febrero, de incorporaci\u00f3n de la directiva de la uni\u00f3n europea en el \u00e1mbito de seguros privados.<\/li>\n<li>CIF: B60268208<\/li>\n<li>Tel\u00e9fono: 933 995 718<\/li>\n<li>E-mail:\u00a0<a href=\"mailto:gdpr@costaserra.com\">gdpr@costaserra.com<\/a><\/li>\n<\/ul>\n<p>&nbsp;<\/p>\n<p>&nbsp;<\/p>\n<p>OBJETO<\/p>\n<p>&nbsp;<\/p>\n<p>El presente Aviso Legal regula el acceso, navegaci\u00f3n y utilizaci\u00f3n de la Web, sin perjuicio de que\u00a0<strong>La Corredur\u00eda<\/strong>\u00a0se reserve el derecho a modificar la presentaci\u00f3n, configuraci\u00f3n y contenido del mismo, as\u00ed como las condiciones requeridas para su acceso y\/o utilizaci\u00f3n. El acceso y utilizaci\u00f3n de los contenidos de la Web tras la entrada en vigor de sus modificaciones o cambios suponen la aceptaci\u00f3n de los mismos.<\/p>\n<p>&nbsp;<\/p>\n<p><strong>La Corredur\u00eda<\/strong>\u00a0se reserva el derecho a modificar los t\u00e9rminos y condiciones aqu\u00ed estipuladas, total o parcialmente, publicando cualquier cambio en la misma forma en que aparece este Aviso Legal o a trav\u00e9s de cualquier tipo de comunicaci\u00f3n dirigida a los usuarios.<\/p>\n<p>&nbsp;<\/p>\n<p>Del mismo modo, informamos a los usuarios acerca de cu\u00e1les son sus derechos y sus obligaciones en relaci\u00f3n con los contenidos expuestos a trav\u00e9s de la Web, logotipos y marcas utilizadas, as\u00ed como las responsabilidades que pueden derivarse del acceso a la misma.<\/p>\n<p>A los efectos de la interpretaci\u00f3n del presente Aviso Legal, entendemos que una persona pasa a ser usuaria en el momento en que \u00e9sta acepta dicho Aviso y la Pol\u00edtica de Privacidad expuestas en la Web, bastando para ello que lo visite. Si se rellenan datos a trav\u00e9s de la Web, se deber\u00e1 aceptar la Pol\u00edtica de Privacidad.<\/p>\n<p>&nbsp;<\/p>\n<p>REGLAS DE USO DEL SITIO WEB<\/p>\n<p>No est\u00e1 permitido el acceso o la utilizaci\u00f3n de Web con fines ilegales o no autorizados, con o sin finalidad econ\u00f3mica. Las consecuencias de hacerlo ser\u00e1n responsabilidad exclusiva del usuario.<\/p>\n<p>Quedan prohibidas las siguientes acciones:<\/p>\n<ul>\n<li>El uso de la Web:\n<ul>\n<li>de forma que pueda provocar da\u00f1os, interrupciones, ineficiencias o defectos en su funcionamiento o en el ordenador de un tercero;<\/li>\n<li>para la transmisi\u00f3n, instalaci\u00f3n o publicaci\u00f3n de cualquier virus, c\u00f3digo malicioso u otros programas o archivos perjudiciales;<\/li>\n<li>para recoger datos de car\u00e1cter personal de otros usuarios;<\/li>\n<li>de forma ilegal, en contra de la buena fe, la moral y el orden p\u00fablico;<\/li>\n<\/ul>\n<\/li>\n<li>Acceder sin autorizaci\u00f3n a cualquier secci\u00f3n de la Web, a otros sistemas o redes conectados a la Web, ni a los servicios ofrecidos a trav\u00e9s de la Web, por medio de pirateo o falsificaci\u00f3n, extracci\u00f3n de contrase\u00f1as o cualquier otro medio ileg\u00edtimo;<\/li>\n<li>Quebrantar, o intentar quebrantar, las medidas de seguridad o autenticaci\u00f3n de la Web o de cualquier red conectada al mismo, o las medidas de seguridad o protecci\u00f3n inherentes a los contenidos ofrecidos en la Web;<\/li>\n<li>Impedir el normal desarrollo de un evento, concurso, promoci\u00f3n o cualquier otra actividad disponible a trav\u00e9s de la Web o cualesquiera de sus funcionalidades, ya sea alterando o tratando de alterar, ilegalmente o de cualquier otra forma, el acceso, participaci\u00f3n o funcionamiento de aqu\u00e9llos, o falseando el resultado de los mismos y\/o la utilizaci\u00f3n de m\u00e9todos de participaci\u00f3n fraudulentos, mediante cualquier procedimiento, y\/o a trav\u00e9s de cualquier pr\u00e1ctica que atente o vulnere en modo alguno el presente Aviso Legal.<\/li>\n<\/ul>\n<p>El incumplimiento de cualquiera de las anteriores obligaciones por el usuario podr\u00e1 llevar aparejada la adopci\u00f3n por\u00a0<strong>La Corredur\u00eda<\/strong>\u00a0de las medidas oportunas amparadas en Derecho y en el ejercicio de sus derechos u obligaciones, sin que medie posibilidad de indemnizaci\u00f3n alguna por los da\u00f1os y perjuicios causados.<\/p>\n<p>En el caso de que Ud. encontrase alguna informaci\u00f3n o contenido en la Web que pueda ser no adecuado, contrario a la normativa vigente, o contrario a las condiciones dispuestas en la Web, rogamos que lo ponga en conocimiento inmediato de\u00a0<strong>La Corredur\u00eda\u00a0<\/strong>a trav\u00e9s de los diferentes medios dispuestos para ello.<\/p>\n<p>&nbsp;<\/p>\n<p>ENLACES A OTRAS P\u00c1GINAS WEB, PLATAFORMAS Y REDES SOCIALES<\/p>\n<p><strong>La Corredur\u00eda<\/strong>\u00a0no controla los contenidos, las pol\u00edticas de privacidad o las pr\u00e1cticas de los sitios web de terceros ni asume responsabilidad alguna por \u00e9stos.<\/p>\n<p>El usuario reconoce y acepta que La Corredur\u00eda no ser\u00e1 responsable de la disponibilidad de los sitios web o recursos externos, y no suscribe ning\u00fan tipo de publicidad, productos u otros materiales ofrecidos a trav\u00e9s dichos sitios web o recursos.<\/p>\n<p>La Corredur\u00eda pone a disposici\u00f3n de los usuarios, a trav\u00e9s de diferentes herramientas y aplicaciones, medios de enlace que permiten a los usuarios acceder a los canales y p\u00e1ginas de la Web que La Corredur\u00eda mantiene en diferentes plataformas y redes sociales pertenecientes y\/o gestionadas por terceros (p.ej. Facebook, Twitter, etc.). La inclusi\u00f3n de estos enlaces en la Web tiene por \u00fanico objeto facilitar a los usuarios el acceso a dichos canales en las diferentes plataformas y redes sociales.<\/p>\n<p>El establecimiento de estas aplicaciones no implica la existencia de relaci\u00f3n alguna entre La Corredur\u00eda y el titular, fabricante o distribuidor de la plataforma enlazada, como tampoco la aceptaci\u00f3n y aprobaci\u00f3n por parte de La Corredur\u00eda de sus contenidos y\/o servicios, siendo su titular, fabricante o distribuidor el \u00fanico responsable de los mismos.<\/p>\n<p>En ning\u00fan caso La Corredur\u00eda comparte con Facebook, Twitter o cualquier otra red social que se incorpore en el futuro ning\u00fan tipo de informaci\u00f3n privada sobre sus usuarios, siendo su \u00fanica finalidad la establecida en el presente Aviso Legal, as\u00ed como en la Pol\u00edtica de Privacidad de la Web. En este sentido, toda la informaci\u00f3n que el propio usuario desee proporcionar a estas plataformas ser\u00e1 bajo su propia responsabilidad, no interviniendo La Corredur\u00eda en dicho proceso.<\/p>\n<p>La activaci\u00f3n y uso de estas aplicaciones puede conllevar la identificaci\u00f3n y autenticaci\u00f3n del usuario (login\/contrase\u00f1a) en las plataformas correspondientes, completamente externas a la Web, por lo que La Corredur\u00eda no asumir\u00e1 ninguna responsabilidad sobre la configuraci\u00f3n de seguridad de dichos entornos.<\/p>\n<p>&nbsp;<\/p>\n<p>DERECHOS DE PROPIEDAD INTELECTUAL E INDUSTRIAL<\/p>\n<p><strong>La Corredur\u00eda<\/strong>\u00a0es titular o, en su caso, cuenta con las licencias correspondientes sobre los derechos de explotaci\u00f3n de propiedad intelectual e industrial de la Web, as\u00ed como de todos los contenidos ofrecidos en el mismo, incluyendo la propia plataforma, textos, fotograf\u00edas o ilustraciones, logos, marcas, grafismos, dise\u00f1os, interfaces, o cualquier otra informaci\u00f3n o contenido, y los servicios disponibles a trav\u00e9s del mismo.<\/p>\n<p>Las referencias a marcas o nombres comerciales registrados, u otros signos distintivos, ya sean titularidad de\u00a0<strong>La Corredur\u00eda<\/strong>\u00a0o de terceras empresas, llevan impl\u00edcita la prohibici\u00f3n sobre su uso sin el consentimiento de\u00a0<strong>La Corredur\u00eda<\/strong>\u00a0o de sus leg\u00edtimos titulares. En ning\u00fan momento, salvo manifestaci\u00f3n expresa en contrario, el acceso, navegaci\u00f3n o utilizaci\u00f3n de la Web y\/o de sus contenidos confiere al usuario derecho alguno sobre signos distintivos en \u00e9l incluidos.<\/p>\n<p>Quedan reservados todos los derechos de propiedad intelectual e industrial sobre los contenidos de la Web y, en particular, queda prohibido modificar, copiar, reproducir, comunicar p\u00fablicamente, transformar o distribuir, por cualquier medio y bajo cualquier forma, la totalidad o parte de los contenidos incluidos en la Web, para prop\u00f3sitos p\u00fablicos o comerciales, si no se cuenta con la autorizaci\u00f3n previa, expresa y por escrito de\u00a0<strong>La Corredur\u00eda<\/strong>\u00a0o, en su caso, del titular de los derechos correspondientes.<\/p>\n<p>El usuario reconoce asumir la responsabilidad, dejando indemne al prestador por cualquier comunicaci\u00f3n que suministre personalmente o a su nombre, alcanzando dicha responsabilidad sin restricci\u00f3n alguna de la exactitud, legalidad, originalidad y titularidad de la misma.<\/p>\n<p>&nbsp;<\/p>\n<p>RESPONSABILIDADES Y GARANT\u00cdAS<\/p>\n<p>En consecuencia,\u00a0<strong>La Corredur\u00eda<\/strong>\u00a0no garantiza ni se hace responsable de la continuidad de los contenidos de la Web, de la ausencia de errores en dichos contenidos, as\u00ed como de la ausencia de virus y\/o dem\u00e1s componentes da\u00f1inos, de la invulnerabilidad de la Web y\/o la imposibilidad de vulnerar las medidas de seguridad que se adopten en la misma, de la falta de utilidad o rendimiento de los contenidos de la Web, as\u00ed como de los da\u00f1os o perjuicios que cause, a s\u00ed mismo o a un tercero, cualquier persona que infringiera las condiciones, normas e instrucciones que\u00a0<strong>La Corredur\u00eda<\/strong>\u00a0establece en la Web o a trav\u00e9s de la vulneraci\u00f3n de los sistemas de seguridad de la misma.<\/p>\n<p><strong>La Corredur\u00eda<\/strong>\u00a0declara que ha adoptado todas las medidas necesarias, dentro de sus posibilidades y del estado de la t\u00e9cnica, para garantizar el funcionamiento de la Web y reducir al m\u00ednimo los errores del sistema, tanto desde el punto de vista t\u00e9cnico como legal y organizativo.<\/p>\n<p><strong>La Corredur\u00eda<\/strong>\u00a0no ser\u00e1 responsable de la veracidad, integridad o actualizaci\u00f3n de las informaciones publicadas en la Web provenientes de fuentes ajenas al mismo.<\/p>\n<p>&nbsp;<\/p>\n<p>SUSPENSI\u00d3N DEL SITIO WEB<\/p>\n<p><strong>La Corredur\u00eda<\/strong>\u00a0se reserva el derecho a suspender, modificar, restringir o interrumpir, ya sea temporal o permanentemente, el acceso, navegaci\u00f3n, uso, alojamiento y\/o descarga del contenido y\/o uso de servicios de la Web, con o sin previa notificaci\u00f3n, sin que medie la posibilidad del usuario de exigir indemnizaci\u00f3n alguna por esta causa.<\/p>\n<p>&nbsp;<\/p>\n<p>CONFIDENCIALIDAD Y PROTECCI\u00d3N DE DATOS<\/p>\n<p>De conformidad con lo dispuesto en la normativa vigente en materia de Protecci\u00f3n de Datos de Car\u00e1cter Personal, todos los datos de car\u00e1cter personal facilitados durante la utilizaci\u00f3n de la Web ser\u00e1n tratados de conformidad con lo dispuesto en la\u00a0Pol\u00edtica de Privacidad\u00a0que todo usuario debe aceptar expresamente para poder utilizar la Web.<\/p>\n<p>&nbsp;<\/p>\n<p>LEGISLACI\u00d3N APLICABLE Y JURISDICCI\u00d3N COMPETENTE<\/p>\n<p>Siempre que la normativa vigente al efecto prevea la posibilidad para las partes de someterse a un fuero determinado, para toda cuesti\u00f3n litigiosa derivada o relacionada con esta Web ser\u00e1 de aplicaci\u00f3n la legislaci\u00f3n espa\u00f1ola vigente en el momento del litigio, y nos someteremos a los Juzgados y Tribunales de Barcelona, as\u00ed como, en su caso, a los Tribunales Arbitrales de consumo o semejantes a los que nos encontremos adheridos en el momento de producirse la controversia.[\/vc_column_text][\/vc_column][\/vc_row]\n<\/div>","protected":false},"excerpt":{"rendered":"<p>[vc_row][vc_column][vc_column_text css=&#8221;&#8221;]El acceso, navegaci\u00f3n y utilizaci\u00f3n del sitio web\u00a0https:\/\/www.costaserra.com\u00a0(en adelante, el \u201cWeb\u201d) implica la aceptaci\u00f3n expresa y sin reservas de todos los t\u00e9rminos de las presentes Condiciones de Uso, teniendo la misma validez y eficacia que cualquier contrato celebrado por escrito y firmado. &nbsp; Su comprensi\u00f3n y cumplimiento ser\u00e1 exigible respecto de cualquier persona que [&hellip;]<\/p>\n","protected":false},"author":1,"featured_media":0,"parent":0,"menu_order":0,"comment_status":"closed","ping_status":"closed","template":"","meta":{"footnotes":"","_links_to":"","_links_to_target":""},"class_list":["post-1095","page","type-page","status-publish","hentry"],"yoast_head":"<!-- This site is optimized with the Yoast SEO plugin v25.7 - https:\/\/yoast.com\/wordpress\/plugins\/seo\/ -->\n<title>Aviso legal - Costaserra<\/title>\n<meta name=\"robots\" content=\"index, follow, max-snippet:-1, max-image-preview:large, max-video-preview:-1\" \/>\n<link rel=\"canonical\" href=\"https:\/\/costaserra.com\/es\/aviso-legal\/\" \/>\n<meta property=\"og:locale\" content=\"es_ES\" \/>\n<meta property=\"og:type\" content=\"article\" \/>\n<meta property=\"og:title\" content=\"Aviso legal - Costaserra\" \/>\n<meta property=\"og:description\" content=\"[vc_row][vc_column][vc_column_text css=&#8221;&#8221;]El acceso, navegaci\u00f3n y utilizaci\u00f3n del sitio web\u00a0https:\/\/www.costaserra.com\u00a0(en adelante, el \u201cWeb\u201d) implica la aceptaci\u00f3n expresa y sin reservas de todos los t\u00e9rminos de las presentes Condiciones de Uso, teniendo la misma validez y eficacia que cualquier contrato celebrado por escrito y firmado. &nbsp; Su comprensi\u00f3n y cumplimiento ser\u00e1 exigible respecto de cualquier persona que [&hellip;]\" \/>\n<meta property=\"og:url\" content=\"https:\/\/costaserra.com\/es\/aviso-legal\/\" \/>\n<meta property=\"og:site_name\" content=\"Costaserra\" \/>\n<meta property=\"article:modified_time\" content=\"2026-02-05T11:52:26+00:00\" \/>\n<meta name=\"twitter:card\" content=\"summary_large_image\" \/>\n<meta name=\"twitter:label1\" content=\"Tiempo de lectura\" \/>\n\t<meta name=\"twitter:data1\" content=\"10 minutos\" \/>\n<script type=\"application\/ld+json\" class=\"yoast-schema-graph\">{\"@context\":\"https:\/\/schema.org\",\"@graph\":[{\"@type\":\"WebPage\",\"@id\":\"https:\/\/costaserra.com\/es\/aviso-legal\/\",\"url\":\"https:\/\/costaserra.com\/es\/aviso-legal\/\",\"name\":\"Aviso legal - Costaserra\",\"isPartOf\":{\"@id\":\"https:\/\/costaserra.com\/#website\"},\"datePublished\":\"2024-10-29T11:28:51+00:00\",\"dateModified\":\"2026-02-05T11:52:26+00:00\",\"breadcrumb\":{\"@id\":\"https:\/\/costaserra.com\/es\/aviso-legal\/#breadcrumb\"},\"inLanguage\":\"es\",\"potentialAction\":[{\"@type\":\"ReadAction\",\"target\":[\"https:\/\/costaserra.com\/es\/aviso-legal\/\"]}]},{\"@type\":\"BreadcrumbList\",\"@id\":\"https:\/\/costaserra.com\/es\/aviso-legal\/#breadcrumb\",\"itemListElement\":[{\"@type\":\"ListItem\",\"position\":1,\"name\":\"Inici\",\"item\":\"https:\/\/costaserra.com\/es\/\"},{\"@type\":\"ListItem\",\"position\":2,\"name\":\"Aviso legal\"}]},{\"@type\":\"WebSite\",\"@id\":\"https:\/\/costaserra.com\/#website\",\"url\":\"https:\/\/costaserra.com\/\",\"name\":\"Costaserra\",\"description\":\"\",\"potentialAction\":[{\"@type\":\"SearchAction\",\"target\":{\"@type\":\"EntryPoint\",\"urlTemplate\":\"https:\/\/costaserra.com\/?s={search_term_string}\"},\"query-input\":{\"@type\":\"PropertyValueSpecification\",\"valueRequired\":true,\"valueName\":\"search_term_string\"}}],\"inLanguage\":\"es\"}]}<\/script>\n<!-- \/ Yoast SEO plugin. -->","yoast_head_json":{"title":"Aviso legal - Costaserra","robots":{"index":"index","follow":"follow","max-snippet":"max-snippet:-1","max-image-preview":"max-image-preview:large","max-video-preview":"max-video-preview:-1"},"canonical":"https:\/\/costaserra.com\/es\/aviso-legal\/","og_locale":"es_ES","og_type":"article","og_title":"Aviso legal - Costaserra","og_description":"[vc_row][vc_column][vc_column_text css=&#8221;&#8221;]El acceso, navegaci\u00f3n y utilizaci\u00f3n del sitio web\u00a0https:\/\/www.costaserra.com\u00a0(en adelante, el \u201cWeb\u201d) implica la aceptaci\u00f3n expresa y sin reservas de todos los t\u00e9rminos de las presentes Condiciones de Uso, teniendo la misma validez y eficacia que cualquier contrato celebrado por escrito y firmado. &nbsp; Su comprensi\u00f3n y cumplimiento ser\u00e1 exigible respecto de cualquier persona que [&hellip;]","og_url":"https:\/\/costaserra.com\/es\/aviso-legal\/","og_site_name":"Costaserra","article_modified_time":"2026-02-05T11:52:26+00:00","twitter_card":"summary_large_image","twitter_misc":{"Tiempo de lectura":"10 minutos"},"schema":{"@context":"https:\/\/schema.org","@graph":[{"@type":"WebPage","@id":"https:\/\/costaserra.com\/es\/aviso-legal\/","url":"https:\/\/costaserra.com\/es\/aviso-legal\/","name":"Aviso legal - Costaserra","isPartOf":{"@id":"https:\/\/costaserra.com\/#website"},"datePublished":"2024-10-29T11:28:51+00:00","dateModified":"2026-02-05T11:52:26+00:00","breadcrumb":{"@id":"https:\/\/costaserra.com\/es\/aviso-legal\/#breadcrumb"},"inLanguage":"es","potentialAction":[{"@type":"ReadAction","target":["https:\/\/costaserra.com\/es\/aviso-legal\/"]}]},{"@type":"BreadcrumbList","@id":"https:\/\/costaserra.com\/es\/aviso-legal\/#breadcrumb","itemListElement":[{"@type":"ListItem","position":1,"name":"Inici","item":"https:\/\/costaserra.com\/es\/"},{"@type":"ListItem","position":2,"name":"Aviso legal"}]},{"@type":"WebSite","@id":"https:\/\/costaserra.com\/#website","url":"https:\/\/costaserra.com\/","name":"Costaserra","description":"","potentialAction":[{"@type":"SearchAction","target":{"@type":"EntryPoint","urlTemplate":"https:\/\/costaserra.com\/?s={search_term_string}"},"query-input":{"@type":"PropertyValueSpecification","valueRequired":true,"valueName":"search_term_string"}}],"inLanguage":"es"}]}},"_links":{"self":[{"href":"https:\/\/costaserra.com\/es\/wp-json\/wp\/v2\/pages\/1095","targetHints":{"allow":["GET"]}}],"collection":[{"href":"https:\/\/costaserra.com\/es\/wp-json\/wp\/v2\/pages"}],"about":[{"href":"https:\/\/costaserra.com\/es\/wp-json\/wp\/v2\/types\/page"}],"author":[{"embeddable":true,"href":"https:\/\/costaserra.com\/es\/wp-json\/wp\/v2\/users\/1"}],"replies":[{"embeddable":true,"href":"https:\/\/costaserra.com\/es\/wp-json\/wp\/v2\/comments?post=1095"}],"version-history":[{"count":4,"href":"https:\/\/costaserra.com\/es\/wp-json\/wp\/v2\/pages\/1095\/revisions"}],"predecessor-version":[{"id":1832,"href":"https:\/\/costaserra.com\/es\/wp-json\/wp\/v2\/pages\/1095\/revisions\/1832"}],"wp:attachment":[{"href":"https:\/\/costaserra.com\/es\/wp-json\/wp\/v2\/media?parent=1095"}],"curies":[{"name":"wp","href":"https:\/\/api.w.org\/{rel}","templated":true}]}}