{"id":1025,"date":"2024-10-10T08:52:40","date_gmt":"2024-10-10T08:52:40","guid":{"rendered":"https:\/\/costaserra.com\/2024\/?page_id=1025"},"modified":"2025-05-09T19:36:38","modified_gmt":"2025-05-09T19:36:38","slug":"autonomos","status":"publish","type":"page","link":"https:\/\/costaserra.com\/es\/autonomos\/","title":{"rendered":"Aut\u00f3nomos"},"content":{"rendered":"<div class=\"wpb-content-wrapper\">[vc_row][vc_column][vc_column_text css=&#8221;&#8221;]En nuestra corredur\u00eda, estamos comprometidos con proteger tus intereses como aut\u00f3nomo. El seguro de <span style=\"font-weight: bold;\">baja laboral<\/span> es fundamental porque, ante una enfermedad o accidente, garantiza que puedas <span style=\"font-weight: bold;\">mantener tus ingresos<\/span>. Asegura tranquilidad financiera, ya que recibir\u00e1s una indemnizaci\u00f3n diaria que te permite cubrir tanto tus gastos personales como los de tu actividad profesional.<\/p>\n<p>&nbsp;<\/p>\n<p>Este seguro cubre desde bajas por enfermedad, embarazo, parto hasta accidentes, adapt\u00e1ndose a tus necesidades.<\/p>\n<p>&nbsp;<\/p>\n<p>Las ventajas incluyen flexibilidad en la elecci\u00f3n de franquicias, la rapidez en la gesti\u00f3n de la prestaci\u00f3n de los beneficios, y la posibilidad de personalizar el seguro seg\u00fan tu actividad.<\/p>\n<p>&nbsp;<\/p>\n<p>En definitiva, nos encargamos de que tengas la mejor <span style=\"font-weight: bold;\">protecci\u00f3n<\/span> para que puedas concentrarte en lo que m\u00e1s importa: seguir adelante con tu negocio, mientras nosotros velamos por tu bienestar econ\u00f3mico.[\/vc_column_text][\/vc_column][\/vc_row][vc_row][vc_column][vc_single_image image=&#8221;1440&#8243; img_size=&#8221;600&#215;400&#8243; alignment=&#8221;center&#8221; css=&#8221;&#8221;][\/vc_column][\/vc_row][vc_row][vc_column][vc_btn title=&#8221;\u00bfTe llamamos?&#8221; style=&#8221;gradient&#8221; gradient_color_1=&#8221;sky&#8221; gradient_color_2=&#8221;peacoc&#8221; size=&#8221;lg&#8221; align=&#8221;center&#8221; css=&#8221;.vc_custom_1746819397029{padding-right: 10px !important;padding-left: 10px !important;}&#8221; link=&#8221;url:https%3A%2F%2Fcostaserra.com%2F2024%2Fes%2Fcontacto%2F|title:Contacto&#8221;][\/vc_column][\/vc_row]\n<\/div>","protected":false},"excerpt":{"rendered":"<p>[vc_row][vc_column][vc_column_text css=&#8221;&#8221;]En nuestra corredur\u00eda, estamos comprometidos con proteger tus intereses como aut\u00f3nomo. El seguro de baja laboral es fundamental porque, ante una enfermedad o accidente, garantiza que puedas mantener tus ingresos. Asegura tranquilidad financiera, ya que recibir\u00e1s una indemnizaci\u00f3n diaria que te permite cubrir tanto tus gastos personales como los de tu actividad profesional. &nbsp; [&hellip;]<\/p>\n","protected":false},"author":1,"featured_media":0,"parent":0,"menu_order":0,"comment_status":"closed","ping_status":"closed","template":"","meta":{"footnotes":"","_links_to":"","_links_to_target":""},"class_list":["post-1025","page","type-page","status-publish","hentry"],"yoast_head":"<!-- This site is optimized with the Yoast SEO plugin v25.7 - https:\/\/yoast.com\/wordpress\/plugins\/seo\/ -->\n<title>Aut\u00f3nomos - Costaserra<\/title>\n<meta name=\"robots\" content=\"index, follow, max-snippet:-1, max-image-preview:large, max-video-preview:-1\" \/>\n<link rel=\"canonical\" href=\"https:\/\/costaserra.com\/es\/autonomos\/\" \/>\n<meta property=\"og:locale\" content=\"es_ES\" \/>\n<meta property=\"og:type\" content=\"article\" \/>\n<meta property=\"og:title\" content=\"Aut\u00f3nomos - Costaserra\" \/>\n<meta property=\"og:description\" content=\"[vc_row][vc_column][vc_column_text css=&#8221;&#8221;]En nuestra corredur\u00eda, estamos comprometidos con proteger tus intereses como aut\u00f3nomo. El seguro de baja laboral es fundamental porque, ante una enfermedad o accidente, garantiza que puedas mantener tus ingresos. Asegura tranquilidad financiera, ya que recibir\u00e1s una indemnizaci\u00f3n diaria que te permite cubrir tanto tus gastos personales como los de tu actividad profesional. &nbsp; [&hellip;]\" \/>\n<meta property=\"og:url\" content=\"https:\/\/costaserra.com\/es\/autonomos\/\" \/>\n<meta property=\"og:site_name\" content=\"Costaserra\" \/>\n<meta property=\"article:modified_time\" content=\"2025-05-09T19:36:38+00:00\" \/>\n<meta name=\"twitter:card\" content=\"summary_large_image\" \/>\n<meta name=\"twitter:label1\" content=\"Tiempo de lectura\" \/>\n\t<meta name=\"twitter:data1\" content=\"1 minuto\" \/>\n<script type=\"application\/ld+json\" class=\"yoast-schema-graph\">{\"@context\":\"https:\/\/schema.org\",\"@graph\":[{\"@type\":\"WebPage\",\"@id\":\"https:\/\/costaserra.com\/es\/autonomos\/\",\"url\":\"https:\/\/costaserra.com\/es\/autonomos\/\",\"name\":\"Aut\u00f3nomos - Costaserra\",\"isPartOf\":{\"@id\":\"https:\/\/costaserra.com\/#website\"},\"datePublished\":\"2024-10-10T08:52:40+00:00\",\"dateModified\":\"2025-05-09T19:36:38+00:00\",\"breadcrumb\":{\"@id\":\"https:\/\/costaserra.com\/es\/autonomos\/#breadcrumb\"},\"inLanguage\":\"es\",\"potentialAction\":[{\"@type\":\"ReadAction\",\"target\":[\"https:\/\/costaserra.com\/es\/autonomos\/\"]}]},{\"@type\":\"BreadcrumbList\",\"@id\":\"https:\/\/costaserra.com\/es\/autonomos\/#breadcrumb\",\"itemListElement\":[{\"@type\":\"ListItem\",\"position\":1,\"name\":\"Inici\",\"item\":\"https:\/\/costaserra.com\/es\/\"},{\"@type\":\"ListItem\",\"position\":2,\"name\":\"Aut\u00f3nomos\"}]},{\"@type\":\"WebSite\",\"@id\":\"https:\/\/costaserra.com\/#website\",\"url\":\"https:\/\/costaserra.com\/\",\"name\":\"Costaserra\",\"description\":\"\",\"potentialAction\":[{\"@type\":\"SearchAction\",\"target\":{\"@type\":\"EntryPoint\",\"urlTemplate\":\"https:\/\/costaserra.com\/?s={search_term_string}\"},\"query-input\":{\"@type\":\"PropertyValueSpecification\",\"valueRequired\":true,\"valueName\":\"search_term_string\"}}],\"inLanguage\":\"es\"}]}<\/script>\n<!-- \/ Yoast SEO plugin. -->","yoast_head_json":{"title":"Aut\u00f3nomos - Costaserra","robots":{"index":"index","follow":"follow","max-snippet":"max-snippet:-1","max-image-preview":"max-image-preview:large","max-video-preview":"max-video-preview:-1"},"canonical":"https:\/\/costaserra.com\/es\/autonomos\/","og_locale":"es_ES","og_type":"article","og_title":"Aut\u00f3nomos - Costaserra","og_description":"[vc_row][vc_column][vc_column_text css=&#8221;&#8221;]En nuestra corredur\u00eda, estamos comprometidos con proteger tus intereses como aut\u00f3nomo. El seguro de baja laboral es fundamental porque, ante una enfermedad o accidente, garantiza que puedas mantener tus ingresos. Asegura tranquilidad financiera, ya que recibir\u00e1s una indemnizaci\u00f3n diaria que te permite cubrir tanto tus gastos personales como los de tu actividad profesional. &nbsp; [&hellip;]","og_url":"https:\/\/costaserra.com\/es\/autonomos\/","og_site_name":"Costaserra","article_modified_time":"2025-05-09T19:36:38+00:00","twitter_card":"summary_large_image","twitter_misc":{"Tiempo de lectura":"1 minuto"},"schema":{"@context":"https:\/\/schema.org","@graph":[{"@type":"WebPage","@id":"https:\/\/costaserra.com\/es\/autonomos\/","url":"https:\/\/costaserra.com\/es\/autonomos\/","name":"Aut\u00f3nomos - Costaserra","isPartOf":{"@id":"https:\/\/costaserra.com\/#website"},"datePublished":"2024-10-10T08:52:40+00:00","dateModified":"2025-05-09T19:36:38+00:00","breadcrumb":{"@id":"https:\/\/costaserra.com\/es\/autonomos\/#breadcrumb"},"inLanguage":"es","potentialAction":[{"@type":"ReadAction","target":["https:\/\/costaserra.com\/es\/autonomos\/"]}]},{"@type":"BreadcrumbList","@id":"https:\/\/costaserra.com\/es\/autonomos\/#breadcrumb","itemListElement":[{"@type":"ListItem","position":1,"name":"Inici","item":"https:\/\/costaserra.com\/es\/"},{"@type":"ListItem","position":2,"name":"Aut\u00f3nomos"}]},{"@type":"WebSite","@id":"https:\/\/costaserra.com\/#website","url":"https:\/\/costaserra.com\/","name":"Costaserra","description":"","potentialAction":[{"@type":"SearchAction","target":{"@type":"EntryPoint","urlTemplate":"https:\/\/costaserra.com\/?s={search_term_string}"},"query-input":{"@type":"PropertyValueSpecification","valueRequired":true,"valueName":"search_term_string"}}],"inLanguage":"es"}]}},"_links":{"self":[{"href":"https:\/\/costaserra.com\/es\/wp-json\/wp\/v2\/pages\/1025","targetHints":{"allow":["GET"]}}],"collection":[{"href":"https:\/\/costaserra.com\/es\/wp-json\/wp\/v2\/pages"}],"about":[{"href":"https:\/\/costaserra.com\/es\/wp-json\/wp\/v2\/types\/page"}],"author":[{"embeddable":true,"href":"https:\/\/costaserra.com\/es\/wp-json\/wp\/v2\/users\/1"}],"replies":[{"embeddable":true,"href":"https:\/\/costaserra.com\/es\/wp-json\/wp\/v2\/comments?post=1025"}],"version-history":[{"count":9,"href":"https:\/\/costaserra.com\/es\/wp-json\/wp\/v2\/pages\/1025\/revisions"}],"predecessor-version":[{"id":1686,"href":"https:\/\/costaserra.com\/es\/wp-json\/wp\/v2\/pages\/1025\/revisions\/1686"}],"wp:attachment":[{"href":"https:\/\/costaserra.com\/es\/wp-json\/wp\/v2\/media?parent=1025"}],"curies":[{"name":"wp","href":"https:\/\/api.w.org\/{rel}","templated":true}]}}